{"id":5117,"date":"2025-08-29T00:52:57","date_gmt":"2025-08-29T00:52:57","guid":{"rendered":"https:\/\/besst.tech\/?page_id=5117"},"modified":"2025-08-29T01:08:06","modified_gmt":"2025-08-29T01:08:06","slug":"trade-in-policy","status":"publish","type":"page","link":"https:\/\/besst.tech\/ee\/trade-in-policy\/","title":{"rendered":"Trade-in Policy"},"content":{"rendered":"<div data-elementor-type=\"wp-page\" data-elementor-id=\"5117\" class=\"elementor elementor-5117\" data-elementor-post-type=\"page\">\n\t\t\t\t<div class=\"elementor-element elementor-element-6d4f9ae e-flex e-con-boxed e-con e-parent\" data-id=\"6d4f9ae\" data-element_type=\"container\">\n\t\t\t\t\t<div class=\"e-con-inner\">\n\t\t\t\t<div class=\"elementor-element elementor-element-0fc08ce elementor-widget elementor-widget-heading\" data-id=\"0fc08ce\" data-element_type=\"widget\" data-widget_type=\"heading.default\">\n\t\t\t\t<div class=\"elementor-widget-container\">\n\t\t\t\t\t<h2 class=\"elementor-heading-title elementor-size-default\">Vahetuspoliitika<\/h2>\t\t\t\t<\/div>\n\t\t\t\t<\/div>\n\t\t\t\t<div class=\"elementor-element elementor-element-67aa4e0 elementor-widget elementor-widget-text-editor\" data-id=\"67aa4e0\" data-element_type=\"widget\" data-widget_type=\"text-editor.default\">\n\t\t\t\t<div class=\"elementor-widget-container\">\n\t\t\t\t\t\t\t\t\t<p class=\"translation-block\"><b>Besst Technologies O\u00dc vahetuslepingutingimused<\/b><br>J\u00f5ustumiskuup\u00e4ev: 29. august 2025<\/p><p class=\"translation-block\"><b>Besst Technologies O\u00dc-s (Besst)<\/b> on meie eesm\u00e4rk premeerida pikaajalist osalemist meie virtuaalse<br>elektrijaama (VPP) kogukonnas, pakkudes juurdep\u00e4\u00e4su meie uusimale energiasalvestustehnoloogiale. Meie<br>vahetusprogramm on loodud selle \u00fclemineku toetamiseks \u2013 see v\u00f5imaldab abik\u00f5lblikel kasutajatel<br>uuendada oma akus\u00fcsteeme p\u00e4rast 36-kuulist aktiivset VPP-s osalemist.<\/p><p class=\"translation-block\"><strong>Programmi \u00fclevaade<\/strong><br>Besst pakub olemasolevatele klientidele vabatahtlikku vahetusv\u00f5imalust p\u00e4rast 36 kuud katkematut VPP-teenust. Olenevalt sobivusest ja tehnilisest \u00fclevaatusest v\u00f5idakse teid<br>kutsuda vahetama oma praegune akus\u00fcsteem uue Best All-in-One (AiO) seadme vastu, mis on loodud<br>pakkuma:<\/p><p style=\"padding-left: 40px;\" class=\"translation-block\">\u2022 Kiirem j\u00f5udlus v\u00f5imsamate komponentidega<br>\u2022 Suurem efektiivsus pikema aku t\u00f6\u00f6ea ja suurema arvu igap\u00e4evaste ts\u00fcklite kaudu<br>\u2022 Optimeeritud tulu s\u00fcgavama energiaturu integratsiooni kaudu<\/p><p class=\"translation-block\">Meie eesm\u00e4rk on pakkuda probleemivaba vahetust, paigaldust teostavad meie sertifitseeritud kohalikud<br>partnerid ja VPP-s osalemise aeg on minimaalne.<\/p><p class=\"translation-block\"><b>Sobivuskriteeriumid<br><\/b>Vahetusse v\u00f5tmiseks:<\/p><p style=\"padding-left: 40px;\" class=\"translation-block\">\u2022 Teil peab olema v\u00e4hemalt 36 kuud aktiivset osalemist Bessti VPP<br>programmis.<br>\u2022 Teie praegune s\u00fcsteem peab olema paigaldatud ja EMS-iga \u00fchendatud ilma teenusetingimuste rikkumiseta.<br>\u2022 Aku peab olema heas t\u00f6\u00f6korras, nagu on kinnitanud Besst, meie<br>paigalduspartner v\u00f5i muu Bessti m\u00e4\u00e4ratud tehniline partner.<br>\u2022 Te peate elama toetatud piirkonnas, kus Besst pakub vahetusteenuseid.<\/p><p class=\"translation-block\">Vahetusprogrammis osalemine ei ole automaatne ega garanteeritud. Bestst j\u00e4tab endale \u00f5iguse oma \u00e4ran\u00e4gemisel:<\/p><p style=\"padding-left: 40px;\" class=\"translation-block\">\u2022 Tagasi l\u00fckata k\u00f5ik vahetustaotlused;<br>\u2022 Piirata vastuv\u00f5etud taotluste arvu tehnilistel, piirkondlikel v\u00f5i strateegilistel kaalutlustel;<br>\u2022 Programmi igal ajal muuta v\u00f5i l\u00f5petada.<\/p><p class=\"translation-block\">Teie praeguse aku testimine ja hindamine m\u00e4\u00e4rab, kas kvalifitseerute<br>vahetamis- v\u00f5i raha tagasi pakkumiseks. K\u00f5ik hindamised viivad l\u00e4bi meie volitatud teenindus<br>pakkujad.<\/p><p class=\"translation-block\"><b>Seadme omandi\u00f5igus ja h\u00fcvitamine<br><\/b>P\u00e4rast edukat vahetamist saab teie olemasolev aku Bessti omandiks ja seda v\u00f5idakse<br>uuendada, taaskasutada v\u00f5i muul viisil t\u00f6\u00f6delda.<\/p><p class=\"translation-block\">Asendus-AiO-aku j\u00e4\u00e4b Be\u044bsti omandiks, kui ei s\u00f5lmita eraldi ostu<br>lepingut.<br>Mis tahes raha tagasimakse v\u00e4\u00e4rtus (kui see on kohaldatav) m\u00e4\u00e4ratakse aku testitud seisukorra<br>ja turul edasim\u00fc\u00fcgi\/renoveerimise potentsiaali p\u00f5hjal. Minimaalset h\u00fcvitist ei garanteerita.<\/p><p class=\"translation-block\">Sissevahetatud akude hindamine ja hinnakujundus<br>Teie olemasoleva akus\u00fcsteemi v\u00e4\u00e4rtus \u2013 olgu see siis raha tagasi h\u00fcvitise v\u00f5i uue AiO-seadme ostmiseks saadava krediidi kujul \u2013 m\u00e4\u00e4ratakse p\u00e4rast meie volitatud paigalduspartneri teostatud tehnilist<br>kontrolli ja turup\u00f5hist hindamist.<br>Peamised tegurid on j\u00e4rgmised:<\/p><p style=\"padding-left: 40px;\" class=\"translation-block\">\u2022 Aku j\u00e4relej\u00e4\u00e4nud mahtuvus ja ts\u00fcklite arv<br>\u2022 Vanus ja t\u00f6\u00f6ajalugu<br>\u2022 F\u00fc\u00fcsiline ja kosmeetiline seisukord<br>\u2022 Tootja ja mudeli \u00fchilduvus<br>\u2022 Hinnanguline renoveerimis- v\u00f5i edasim\u00fc\u00fcgiv\u00e4\u00e4rtus<\/p><p class=\"translation-block\">Besst ei garanteeri fikseeritud ega minimaalset h\u00fcvitise summat. K\u00f5ik hinnakujunduse<br>otsused on l\u00f5plikud ja tehakse Besti ja tema m\u00e4\u00e4ratud teeninduspartneri \u00e4ran\u00e4gemisel. Kui<br>teie aku loetakse sobimatuks ohutusprobleemide, mittefunktsionaalsuse v\u00f5i liigse<br>kulumise t\u00f5ttu, ei saa h\u00fcvitist pakkuda.<br>Mis tahes kohaldatav raha tagasimakse v\u00f5i krediidisumma teatatakse teile enne vahetuse<br>kinnitust ning teie osalemine j\u00e4\u00e4b valikuliseks kuni kirjaliku n\u00f5usolekuni.<br>Osalemiseks v\u00f5ib olla vajalik teie seadme andmete kogumise ja kasutamise<br>anal\u00fc\u00fcs. Kandideerimisega n\u00f5ustute, et selliseid andmeid kasutatakse ainult abik\u00f5lblikkuse ja<br>hindamise eesm\u00e4rgil vastavalt meie privaatsuspoliitikale.<\/p><p class=\"translation-block\"><b>Toetatud piirkonnad<br><\/b>Trans-In programm on saadaval ainult piirkondades, kus Bestst VPP aktiivselt tegutseb. Abik\u00f5lblikkuse eelduseks on:<\/p><p style=\"padding-left: 40px;\" class=\"translation-block\">\u2022 Teie elukoht v\u00f5i paigalduskoht asub ametlikult toetatud VPP juurutuspiirkonnas.<br>\u2022 Kohalikud paigaldus- ja hoolduspartnerid on saadaval seadme vahetamiseks ja<br>kasutuselev\u00f5tuks.<\/p><p class=\"translation-block\">Besst j\u00e4tab endale \u00f5iguse piirata osalemist piirkondlike levitamisplaanide, tehnilise<br>teostatavuse v\u00f5i regulatiivsete piirangute alusel. Kui teie piirkonda veel ei toetata, v\u00f5ite<br>oma huvi registreerida ja me teavitame teid, kui teie piirkonnas on saadaval vahetusv\u00f5imalused.<\/p><p class=\"translation-block\"><b>Paigaldamine ja tugi<br><\/b>K\u00f5iki vahetuspaigaldusi teostavad sertifitseeritud Bessti paigalduspartnerid.<br>Paigaldusaeg ja ligip\u00e4\u00e4s saidile lepitakse eelnevalt paigalduspartneritega kokku.<br>Meie eesm\u00e4rk on s\u00e4ilitada vahetusprotsessi ajal pidev VPP-\u00fchendus v\u00f5i minimeerida seisakuid.<\/p><p class=\"translation-block\">Uus AiO-seade sisaldab uusimat EMS-i versiooni, riistvarauuendusi ja uuendatud teenusetingimusi.<\/p><p class=\"translation-block\"><b>Poliitika uuendused<br><\/b>Besst j\u00e4tab endale \u00f5iguse seda vahetuslepingupoliitikat igal ajal ette teatamata muuta, peatada v\u00f5i l\u00f5petada. Uusim versioon on alati saadaval meie veebisaidil.<\/p><p class=\"translation-block\"><b>Kohaldatav \u00f5igus<br><\/b>K\u00e4esolevale poliitikale kohaldatakse ja seda t\u00f5lgendatakse vastavalt Eesti Vabariigi seadustele.<br>K\u00f5ik osalemisest tulenevad vaidlused lahendatakse p\u00e4devates kohtutes Tallinnas.<\/p>\t\t\t\t\t\t\t\t<\/div>\n\t\t\t\t<\/div>\n\t\t\t\t\t<\/div>\n\t\t\t\t<\/div>\n\t\t\t\t<\/div>","protected":false},"excerpt":{"rendered":"<p>Trade-in policy Besst Technologies O\u00dc Trade-In PolicyEffective Date: 29 August 2025 At Besst Technologies O\u00dc (Besst), we aim to reward long-term participation in our VirtualPower Plant (VPP) community with access to our latest energy storage technology. OurTrade-In Program is designed to support this transition \u2014 allowing eligible users toupgrade their battery systems after 36 months [&hellip;]<\/p>\n","protected":false},"author":2,"featured_media":0,"parent":0,"menu_order":0,"comment_status":"closed","ping_status":"closed","template":"","meta":{"inline_featured_image":false,"site-sidebar-layout":"no-sidebar","site-content-layout":"page-builder","ast-site-content-layout":"full-width-container","site-content-style":"default","site-sidebar-style":"default","ast-global-header-display":"","ast-banner-title-visibility":"","ast-main-header-display":"","ast-hfb-above-header-display":"","ast-hfb-below-header-display":"","ast-hfb-mobile-header-display":"","site-post-title":"disabled","ast-breadcrumbs-content":"","ast-featured-img":"disabled","footer-sml-layout":"","theme-transparent-header-meta":"","adv-header-id-meta":"","stick-header-meta":"","header-above-stick-meta":"","header-main-stick-meta":"","header-below-stick-meta":"","astra-migrate-meta-layouts":"set","ast-page-background-enabled":"default","ast-page-background-meta":{"desktop":{"background-color":"","background-image":"","background-repeat":"repeat","background-position":"center center","background-size":"auto","background-attachment":"scroll","background-type":"","background-media":"","overlay-type":"","overlay-color":"","overlay-opacity":"","overlay-gradient":""},"tablet":{"background-color":"","background-image":"","background-repeat":"repeat","background-position":"center center","background-size":"auto","background-attachment":"scroll","background-type":"","background-media":"","overlay-type":"","overlay-color":"","overlay-opacity":"","overlay-gradient":""},"mobile":{"background-color":"","background-image":"","background-repeat":"repeat","background-position":"center center","background-size":"auto","background-attachment":"scroll","background-type":"","background-media":"","overlay-type":"","overlay-color":"","overlay-opacity":"","overlay-gradient":""}},"ast-content-background-meta":{"desktop":{"background-color":"var(--ast-global-color-5)","background-image":"","background-repeat":"repeat","background-position":"center center","background-size":"auto","background-attachment":"scroll","background-type":"","background-media":"","overlay-type":"","overlay-color":"","overlay-opacity":"","overlay-gradient":""},"tablet":{"background-color":"var(--ast-global-color-5)","background-image":"","background-repeat":"repeat","background-position":"center center","background-size":"auto","background-attachment":"scroll","background-type":"","background-media":"","overlay-type":"","overlay-color":"","overlay-opacity":"","overlay-gradient":""},"mobile":{"background-color":"var(--ast-global-color-5)","background-image":"","background-repeat":"repeat","background-position":"center center","background-size":"auto","background-attachment":"scroll","background-type":"","background-media":"","overlay-type":"","overlay-color":"","overlay-opacity":"","overlay-gradient":""}},"footnotes":""},"class_list":["post-5117","page","type-page","status-publish","hentry"],"_links":{"self":[{"href":"https:\/\/besst.tech\/ee\/wp-json\/wp\/v2\/pages\/5117","targetHints":{"allow":["GET"]}}],"collection":[{"href":"https:\/\/besst.tech\/ee\/wp-json\/wp\/v2\/pages"}],"about":[{"href":"https:\/\/besst.tech\/ee\/wp-json\/wp\/v2\/types\/page"}],"author":[{"embeddable":true,"href":"https:\/\/besst.tech\/ee\/wp-json\/wp\/v2\/users\/2"}],"replies":[{"embeddable":true,"href":"https:\/\/besst.tech\/ee\/wp-json\/wp\/v2\/comments?post=5117"}],"version-history":[{"count":7,"href":"https:\/\/besst.tech\/ee\/wp-json\/wp\/v2\/pages\/5117\/revisions"}],"predecessor-version":[{"id":5133,"href":"https:\/\/besst.tech\/ee\/wp-json\/wp\/v2\/pages\/5117\/revisions\/5133"}],"wp:attachment":[{"href":"https:\/\/besst.tech\/ee\/wp-json\/wp\/v2\/media?parent=5117"}],"curies":[{"name":"wp","href":"https:\/\/api.w.org\/{rel}","templated":true}]}}