{"id":5714,"date":"2025-09-11T09:28:27","date_gmt":"2025-09-11T09:28:27","guid":{"rendered":"https:\/\/besst.tech\/?page_id=5714"},"modified":"2025-09-11T09:41:12","modified_gmt":"2025-09-11T09:41:12","slug":"esg","status":"publish","type":"page","link":"https:\/\/besst.tech\/ee\/esg\/","title":{"rendered":"ESG"},"content":{"rendered":"<div data-elementor-type=\"wp-page\" data-elementor-id=\"5714\" class=\"elementor elementor-5714\" data-elementor-post-type=\"page\">\n\t\t\t\t<div class=\"elementor-element elementor-element-51a8a14 e-flex e-con-boxed e-con e-parent\" data-id=\"51a8a14\" data-element_type=\"container\">\n\t\t\t\t\t<div class=\"e-con-inner\">\n\t\t\t\t<div class=\"elementor-element elementor-element-6d07acd elementor-widget elementor-widget-heading\" data-id=\"6d07acd\" data-element_type=\"widget\" data-widget_type=\"heading.default\">\n\t\t\t\t<div class=\"elementor-widget-container\">\n\t\t\t\t\t<h2 class=\"elementor-heading-title elementor-size-default\">ESG<\/h2>\t\t\t\t<\/div>\n\t\t\t\t<\/div>\n\t\t\t\t<div class=\"elementor-element elementor-element-6f8e1ca elementor-widget elementor-widget-text-editor\" data-id=\"6f8e1ca\" data-element_type=\"widget\" data-widget_type=\"text-editor.default\">\n\t\t\t\t<div class=\"elementor-widget-container\">\n\t\t\t\t\t\t\t\t\t<p><strong>ESG-p\u00f5histe kriteeriumide j\u00e4rgi ehitatud, kogukonnap\u00f5hine detsentraliseeritud energiasalvestus-VPP: Besst on ringmajanduse eeskujuks.<\/strong><\/p><p>Besstis ei ole kasutajad kliendid \u2013 nad on partnerid meie rohelise energia tulevikuhoones. Koos pakume skaleeritavat salvestusruumi, ringmajanduse innovatsiooni ning reaalset sotsiaalset ja keskkonnam\u00f5ju.<\/p><h4><strong>Meie ESG sambad<\/strong><\/h4><p><strong>Keskkonnahoid<\/strong><\/p><ul><li>Patareid on osa vahetus- ja ringlusringlusest: kasutajad saavad 3\u20135 aasta p\u00e4rast uusi seadmeid uuendada ning vananenud seadmed taaskasutatakse vastutustundlikult \u2013 hoides neid \u00f6kos\u00fcsteemis ja pr\u00fcgim\u00e4gedest eemal.<\/li><li>Meie \u00e4rimudel on koosk\u00f5las ringmajanduse parimate tavadega ja v\u00f5imaldab ajakohaseid j\u00e4\u00e4tmek\u00e4itluse uuendusi.<\/li><li>Tellimusp\u00f5hine kogukonnaomand aitab j\u00e4lgida ja hallata aku eluts\u00fcklit, edendades l\u00e4bipaistvat ja skaleeritavat keskkonnam\u00f5ju.<\/li><\/ul><p><strong>Sotsiaalne ja kogukondlik vastutus<\/strong><\/p><ul><li>Meie partnerid ei ole kasutajad \u2013 nad on energia \u00fcmberkujundamise kaasomanikud, edendades energiademokraatiat.<\/li><li>Meie vahetuss\u00fcsteemi ja taskukohasuse kaudu avame uksed madalama sissetulekuga leibkondadele<\/li><li>Kogukonnaharidus ja kaasamine tugevdavad ESG kultuuri ja partnerite lojaalsust<\/li><\/ul><p><strong>Juhtimine ja ESG vastavus<\/strong><\/p><ul><li>ESG on otse Bessti strateegiasse p\u00f5imitud. Nii loob ESG-ga vastavusse viimine pikaajalist v\u00e4\u00e4rtust.<\/li><li>J\u00e4rjepidevuse ja l\u00e4bipaistvuse tagamiseks integreerime globaalsed aruandlusraamistikud \u2013 ESRS, IFRS S1\/S2, GRI<\/li><li>Iga-aastane ESG tulemuslikkuse avaldamine vastavalt distsiplineeritud standarditele tagab selguse ja regulatiivse valmisoleku<\/li><\/ul>\t\t\t\t\t\t\t\t<\/div>\n\t\t\t\t<\/div>\n\t\t\t\t<div class=\"elementor-element elementor-element-e92e03b elementor-widget elementor-widget-html\" data-id=\"e92e03b\" data-element_type=\"widget\" data-widget_type=\"html.default\">\n\t\t\t\t<div class=\"elementor-widget-container\">\n\t\t\t\t\t<div class=\"besst-table-wrap\">\r\n  <style>\r\n    .besst-table-wrap{\r\n        max-width:100%;\r\n        overflow:auto;\r\n        margin-top: 20px\r\n    }\r\n    table.besst-table{\r\n      width:100%; \r\n      border-collapse:separate; border-spacing:0;\r\n      font-family: \"Montserrat\", Sans-serif; \r\n      font-size:16px; \r\n      line-height:1.35; \r\n      color:#1a1a1a;\r\n      min-width:720px;\r\n      text-align:\u0434\u0443\u0430\u0435; \/* centers all cells by default *\/\r\n    }\r\n    .besst-table{\r\n      border:none !important;\r\n    }\r\n    .besst-table thead th{\r\n      background:#F7B32B; color:#fff; font-weight:700;\r\n      padding:14px 16px; position:relative;\r\n    }\r\n    .besst-table thead th:first-child{border-top-left-radius:12px}\r\n    .besst-table thead th:last-child{border-top-right-radius:12px}\r\n    .besst-table th, .besst-table td{padding:12px 16px; vertical-align:middle}\r\n    .besst-table tbody tr:nth-child(even){background:#E8E8E8}\r\n    .besst-table small{font-weight:600}\r\n    \/* Hover effect *\/\r\n    .besst-table tbody tr:hover{\r\n      background:#fdf4e3;\r\n      transition:background 0.2s ease-in-out;\r\n    }\r\n    @media (max-width:768px){ .besst-table{font-size:15px;\r\n    }\r\n        table.besst-table{\r\n          text-align:left;\r\n        }\r\n     }\r\n  <\/style>\r\n\r\n  <table class=\"besst-table\" role=\"table\" aria-label=\"BESS pricing and returns\">\r\n    <thead>\r\n        <tr>\r\n            <th>Sammas<\/th>\r\n            <th>Kirjeldus<\/th>\r\n        <\/tr>\r\n    <\/thead>\r\n    <tbody>\r\n        <tr>\r\n            <td>Keskkond<\/td>\r\n            <td>Tagasiostu ja ringlussev\u00f5tu ts\u00fckkel; aku ringts\u00fckkel; skaleeritav m\u00f5ju j\u00e4lgimine<\/td>\r\n        <\/tr>\r\n        <tr>\r\n            <td>Sotsiaalne<\/td>\r\n            <td>Partnerid, mitte kliendid; v\u00f5rdne juurdep\u00e4\u00e4s; kogukonnaharidus ja kaasomand<\/td>\r\n        <\/tr>\r\n        <tr>\r\n            <td>Juhtimine<\/td>\r\n            <td>ESG on strateegiasse integreeritud; koosk\u00f5las ESRS-i, IFRS-i ja GRI-ga; iga-aastane ESG avalikustamine<\/td>\r\n        <\/tr>\r\n    <\/tbody>\r\n<\/table>\r\n<\/div>\t\t\t\t<\/div>\n\t\t\t\t<\/div>\n\t\t\t\t\t<\/div>\n\t\t\t\t<\/div>\n\t\t<div class=\"elementor-element elementor-element-62b9aa4 e-flex e-con-boxed e-con e-parent\" data-id=\"62b9aa4\" data-element_type=\"container\">\n\t\t\t\t\t<div class=\"e-con-inner\">\n\t\t\t\t<div class=\"elementor-element elementor-element-490907a elementor-widget elementor-widget-text-editor\" data-id=\"490907a\" data-element_type=\"widget\" data-widget_type=\"text-editor.default\">\n\t\t\t\t<div class=\"elementor-widget-container\">\n\t\t\t\t\t\t\t\t\t<p><strong>Kogukond partneritena<\/strong><\/p><ul><li>Omandi\u00f5igus l\u00e4bi disaini: igal partneril on BESSTi edu saavutamises oma panus \u2013 nii rahaliselt kui ka keskkonnaalaselt.<\/li><li>L\u00e4bipaistev ESG m\u00f5ju: reaalajas juhtpaneelid j\u00e4lgivad CO\u2082 heitkoguste v\u00e4hendamist, kWh salvestamist, taaskasutatud materjale ja partnerite kasvu<\/li><li>Kaasav ringlus: vahetuss\u00fcsteem alandab turule sisenemise t\u00f5kkeid ja sulgeb ressursiringluse, muutes j\u00e4tkusuutlikkuse k\u00e4ttesaadavaks.<\/li><\/ul>\t\t\t\t\t\t\t\t<\/div>\n\t\t\t\t<\/div>\n\t\t\t\t\t<\/div>\n\t\t\t\t<\/div>\n\t\t\t\t<\/div>","protected":false},"excerpt":{"rendered":"<p>ESG ESG-Built, community-driven decentralized energy storage VPP: Besst leads with circularity. At Besst, users aren\u2019t clients &#8211; they\u2019re partners in our green energy future building. Together, we deliver scalable storage, circular innovation, and real social and environmental impact. Our ESG pillars Environmental stewardship Batteries are part of a trade-in &amp; recycling loop: users can upgrade [&hellip;]<\/p>\n","protected":false},"author":6,"featured_media":0,"parent":0,"menu_order":0,"comment_status":"closed","ping_status":"closed","template":"","meta":{"inline_featured_image":false,"site-sidebar-layout":"no-sidebar","site-content-layout":"page-builder","ast-site-content-layout":"full-width-container","site-content-style":"default","site-sidebar-style":"default","ast-global-header-display":"","ast-banner-title-visibility":"","ast-main-header-display":"","ast-hfb-above-header-display":"","ast-hfb-below-header-display":"","ast-hfb-mobile-header-display":"","site-post-title":"disabled","ast-breadcrumbs-content":"","ast-featured-img":"disabled","footer-sml-layout":"","theme-transparent-header-meta":"","adv-header-id-meta":"","stick-header-meta":"","header-above-stick-meta":"","header-main-stick-meta":"","header-below-stick-meta":"","astra-migrate-meta-layouts":"set","ast-page-background-enabled":"default","ast-page-background-meta":{"desktop":{"background-color":"","background-image":"","background-repeat":"repeat","background-position":"center center","background-size":"auto","background-attachment":"scroll","background-type":"","background-media":"","overlay-type":"","overlay-color":"","overlay-opacity":"","overlay-gradient":""},"tablet":{"background-color":"","background-image":"","background-repeat":"repeat","background-position":"center center","background-size":"auto","background-attachment":"scroll","background-type":"","background-media":"","overlay-type":"","overlay-color":"","overlay-opacity":"","overlay-gradient":""},"mobile":{"background-color":"","background-image":"","background-repeat":"repeat","background-position":"center center","background-size":"auto","background-attachment":"scroll","background-type":"","background-media":"","overlay-type":"","overlay-color":"","overlay-opacity":"","overlay-gradient":""}},"ast-content-background-meta":{"desktop":{"background-color":"var(--ast-global-color-5)","background-image":"","background-repeat":"repeat","background-position":"center center","background-size":"auto","background-attachment":"scroll","background-type":"","background-media":"","overlay-type":"","overlay-color":"","overlay-opacity":"","overlay-gradient":""},"tablet":{"background-color":"var(--ast-global-color-5)","background-image":"","background-repeat":"repeat","background-position":"center center","background-size":"auto","background-attachment":"scroll","background-type":"","background-media":"","overlay-type":"","overlay-color":"","overlay-opacity":"","overlay-gradient":""},"mobile":{"background-color":"var(--ast-global-color-5)","background-image":"","background-repeat":"repeat","background-position":"center center","background-size":"auto","background-attachment":"scroll","background-type":"","background-media":"","overlay-type":"","overlay-color":"","overlay-opacity":"","overlay-gradient":""}},"footnotes":""},"class_list":["post-5714","page","type-page","status-publish","hentry"],"_links":{"self":[{"href":"https:\/\/besst.tech\/ee\/wp-json\/wp\/v2\/pages\/5714","targetHints":{"allow":["GET"]}}],"collection":[{"href":"https:\/\/besst.tech\/ee\/wp-json\/wp\/v2\/pages"}],"about":[{"href":"https:\/\/besst.tech\/ee\/wp-json\/wp\/v2\/types\/page"}],"author":[{"embeddable":true,"href":"https:\/\/besst.tech\/ee\/wp-json\/wp\/v2\/users\/6"}],"replies":[{"embeddable":true,"href":"https:\/\/besst.tech\/ee\/wp-json\/wp\/v2\/comments?post=5714"}],"version-history":[{"count":10,"href":"https:\/\/besst.tech\/ee\/wp-json\/wp\/v2\/pages\/5714\/revisions"}],"predecessor-version":[{"id":5724,"href":"https:\/\/besst.tech\/ee\/wp-json\/wp\/v2\/pages\/5714\/revisions\/5724"}],"wp:attachment":[{"href":"https:\/\/besst.tech\/ee\/wp-json\/wp\/v2\/media?parent=5714"}],"curies":[{"name":"wp","href":"https:\/\/api.w.org\/{rel}","templated":true}]}}