{"id":5117,"date":"2025-08-29T00:52:57","date_gmt":"2025-08-29T00:52:57","guid":{"rendered":"https:\/\/besst.tech\/?page_id=5117"},"modified":"2025-08-29T01:08:06","modified_gmt":"2025-08-29T01:08:06","slug":"trade-in-policy","status":"publish","type":"page","link":"https:\/\/besst.tech\/lt\/trade-in-policy\/","title":{"rendered":"Trade-in Policy"},"content":{"rendered":"<div data-elementor-type=\"wp-page\" data-elementor-id=\"5117\" class=\"elementor elementor-5117\" data-elementor-post-type=\"page\">\n\t\t\t\t<div class=\"elementor-element elementor-element-6d4f9ae e-flex e-con-boxed e-con e-parent\" data-id=\"6d4f9ae\" data-element_type=\"container\">\n\t\t\t\t\t<div class=\"e-con-inner\">\n\t\t\t\t<div class=\"elementor-element elementor-element-0fc08ce elementor-widget elementor-widget-heading\" data-id=\"0fc08ce\" data-element_type=\"widget\" data-widget_type=\"heading.default\">\n\t\t\t\t<div class=\"elementor-widget-container\">\n\t\t\t\t\t<h2 class=\"elementor-heading-title elementor-size-default\">Prekybos politika<\/h2>\t\t\t\t<\/div>\n\t\t\t\t<\/div>\n\t\t\t\t<div class=\"elementor-element elementor-element-67aa4e0 elementor-widget elementor-widget-text-editor\" data-id=\"67aa4e0\" data-element_type=\"widget\" data-widget_type=\"text-editor.default\">\n\t\t\t\t<div class=\"elementor-widget-container\">\n\t\t\t\t\t\t\t\t\t<p class=\"translation-block\"><b>\u201eBesst Technologies O\u00dc\u201c prekybos politika<\/b><br>\u012esigaliojimo data: 2025 m. rugpj\u016b\u010dio 29 d.<\/p><p class=\"translation-block\"><b>Besst Technologies O\u00dc (Besst)<\/b> siekiame apdovanoti ilgalaik\u012f dalyvavim\u0105 m\u016bs\u0173 virtuali\u0173 elektrini\u0173 (VPP) bendruomen\u0117je, suteikdami prieig\u0105 prie naujausios energijos kaupimo technologijos. M\u016bs\u0173<br>Prekybos programa sukurta taip, kad palaikyt\u0173 \u0161\u012f per\u0117jim\u0105 \u2013 leid\u017eia tinkamiems naudotojams<br>atnaujinti akumuliatori\u0173 sistemas po 36 m\u0117nesi\u0173 aktyvaus VPP dalyvavimo.<\/p><p class=\"translation-block\"><strong>Programos ap\u017evalga<\/strong><br>\u201eBesst\u201c si\u016blo savanori\u0161k\u0105 galimyb\u0119 esamiems klientams pakeisti \u012frengin\u012f po 36 m\u0117nesi\u0173 nepertraukiamo VPP aptarnavimo. Atsi\u017evelgiant \u012f tinkamum\u0105 ir technin\u0119 ap\u017ei\u016br\u0105, galite b\u016bti<br>pakviesti pakeisti esam\u0105 akumuliatori\u0173 sistem\u0105 \u012f nauj\u0105 \u201eBestst All-in-One\u201c (AiO), skirt\u0105<br>tiekti:<\/p><p style=\"padding-left: 40px;\" class=\"translation-block\">\u2022 Greitesnis veikimas d\u0117l galingesni\u0173 komponent\u0173<br>\u2022 Didesnis efektyvumas d\u0117l ilgesn\u0117s baterijos veikimo trukm\u0117s ir daugiau kasdieni\u0173 cikl\u0173<br>\u2022 Optimizuotos pajamos d\u0117l gilesn\u0117s energijos rinkos integracijos<\/p><p class=\"translation-block\">Siekiame u\u017etikrinti be r\u016bpes\u010di\u0173 apsikeitim\u0105, kai diegim\u0105 atlieka m\u016bs\u0173 sertifikuoti vietiniai<br>partneriai, o VPP dalyvaujant ma\u017eiausiai prastov\u0173.<\/p><p class=\"translation-block\"><b>Tinkamumo kriterijai<br><\/b>Norint, kad b\u016bt\u0173 galima prekiauti preke:<\/p><p style=\"padding-left: 40px;\" class=\"translation-block\">\u2022 Privalote b\u016bti bent 36 m\u0117nesius aktyviai dalyvav\u0119s \u201eBesst\u201c VPP<br>programoje.<br>\u2022 J\u016bs\u0173 dabartin\u0117 sistema turi b\u016bti \u012fdiegta ir prijungta prie EMS nepa\u017eeid\u017eiant<br>paslaug\u0173 teikimo s\u0105lyg\u0173.<br>\u2022 Baterija turi b\u016bti geros darbin\u0117s b\u016bkl\u0117s, kaip patvirtino \u201eBesst\u201c, m\u016bs\u0173<br>diegimo partneris arba kitas \u201eBesst\u201c paskirtas techninis partneris.<br>\u2022 Turite gyventi palaikomame regione, kuriame \u201eBesst\u201c si\u016blo prekybos paslaugas.<\/p><p class=\"translation-block\">Dalyvavimas main\u0173 programoje n\u0117ra automatinis ar garantuojamas. \u201eBesst\u201c pasilieka teis\u0119 savo nuo\u017ei\u016bra:<\/p><p style=\"padding-left: 40px;\" class=\"translation-block\">\u2022 Atmesti bet kok\u012f pra\u0161ym\u0105 d\u0117l main\u0173;<br>\u2022 Apriboti priimam\u0173 parai\u0161k\u0173 skai\u010di\u0173 remiantis techniniais, regioniniais ar strateginiais<br>apsvarstimis;<br>\u2022 Bet kuriuo metu keisti arba nutraukti program\u0105.<\/p><p class=\"translation-block\">I\u0161band\u017eius ir \u012fvertinus esam\u0105 akumuliatori\u0173, bus nustatyta, ar atitinkate<br>pakeitimo ar pinig\u0173 gr\u0105\u017einimo pasi\u016blym\u0105. Visus vertinimus atlieka m\u016bs\u0173 \u012fgalioti paslaug\u0173<br>tiek\u0117jai.<\/p><p class=\"translation-block\"><b>\u012erenginio nuosavyb\u0117 ir kompensacija<br><\/b>S\u0117kmingai gr\u0105\u017einus akumuliatori\u0173, jis tampa \u201eBesst\u201c nuosavybe ir gali b\u016bti<br>atnaujintas, perdirbtas arba kitaip apdorotas.<\/p><p class=\"translation-block\">Pakeista \u201eVisk\u0105 apiman\u010dio\u201c \u012frenginio baterija lieka \u201eBesst\u201c nuosavybe, nebent b\u016bt\u0173 pasira\u0161yta atskira pirkimo-pardavimo sutartis.<br>Bet kokia gr\u0105\u017eintina pinig\u0173 vert\u0117 (jei taikoma) nustatoma atsi\u017evelgiant \u012f baterijos patikrint\u0105 b\u016bkl\u0119<br>ir rinkos perpardavimo \/ atnaujinimo galimybes. Minimali kompensacija negarantuojama.<\/p><p class=\"translation-block\">\u012eprast\u0173 akumuliatori\u0173 \u012fvertinimas ir kainodara<br>J\u016bs\u0173 esamos akumuliatori\u0173 sistemos vert\u0117 \u2013 nesvarbu, ar tai b\u016bt\u0173 pinig\u0173 gr\u0105\u017einimo kompensacija, ar kreditas naujam \u201eviskas viename\u201c \u012frenginiui \u2013 nustatoma po techninio<br>patikrinimo ir rinkos vertinimo, kur\u012f atlieka m\u016bs\u0173 \u012fgaliotasis diegimo<br>partneris.<br>Pagrindiniai veiksniai:<\/p><p style=\"padding-left: 40px;\" class=\"translation-block\">\u2022 Likusi akumuliatoriaus talpa ir cikl\u0173 skai\u010dius<br>\u2022 Am\u017eius ir veikimo istorija<br>\u2022 Fizin\u0117 ir kosmetin\u0117 b\u016bkl\u0117<br>\u2022 Gamintojo ir modelio suderinamumas<br>\u2022 Numatoma atnaujinimo arba perpardavimo vert\u0117<\/p><p class=\"translation-block\">\u201eBesst\u201c negarantuoja jokios fiksuotos ar minimalios kompensacijos sumos. Visi kainodaros<br>sprendimai yra galutiniai ir priimami tik \u201eBest\u201c ir jos paskirto aptarnavimo partnerio nuo\u017ei\u016bra. Jei akumuliatorius laikomas netinkamu d\u0117l saugos problem\u0173, nefunkcionalumo ar per didelio<br>d\u0117v\u0117jimo, kompensacija negali b\u016bti pasi\u016blyta.<br>Bet kokia taikoma pinig\u0173 gr\u0105\u017einimo ar kredito suma jums bus prane\u0161ta prie\u0161 patvirtinant keitim\u0105, o j\u016bs\u0173 dalyvavimas bus neprivalomas, kol bus patvirtintas ra\u0161tu.<br>Dalyvauti gali prireikti \u012frenginio duomen\u0173 rinkimo ir analiz\u0117s<br>. Pateikdami parai\u0161k\u0105 sutinkate, kad tokie duomenys b\u016bt\u0173 naudojami tik tinkamumo ir<br>vertinimo tikslais pagal m\u016bs\u0173 privatumo politik\u0105.<\/p><p class=\"translation-block\"><b>Palaikomi regionai<br><\/b>Prekybos programa galima tik tuose regionuose, kuriuose aktyviai veikia \u201eBesst VPP\u201c. Tinkamumo reikalavimai:<\/p><p style=\"padding-left: 40px;\" class=\"translation-block\">\u2022 J\u016bs\u0173 gyvenamoji vieta arba \u012frengimo vieta yra oficialiai palaikomoje VPP<br>diegimo zonoje.<br>\u2022 Vietiniai \u012frengimo ir aptarnavimo partneriai gali atlikti pakeitimo ir<br>paleidimo proces\u0105.<\/p><p class=\"translation-block\">\u201eBesst\u201c pasilieka teis\u0119 apriboti dalyvavim\u0105 pagal regioninius diegimo planus, technines<br>\u012fmanomybes arba reguliavimo apribojimus. Jei j\u016bs\u0173 regionas dar nepalaikomas, galite u\u017eregistruoti<br>savo susidom\u0117jim\u0105 ir mes jums prane\u0161ime, kai j\u016bs\u0173 vietov\u0117je atsiras main\u0173 galimyb\u0117s.<\/p><p class=\"translation-block\"><b>\u012ediegimas ir palaikymas<br><\/b>Visus \u201eTrade-In\u201c \u012frengimus atlieka sertifikuoti \u201eBesst\u201c \u012frengimo partneriai.<br>\u012ediegimo laikas ir prieiga prie vietos bus i\u0161 anksto suderinti su \u012frengimo partneriais.<br>Siekiame palaikyti nepertraukiam\u0105 VPP ry\u0161\u012f keitimo proceso metu arba kuo trumpesn\u012f<br>prastovos laik\u0105.<\/p><p class=\"translation-block\">Naujasis \u201eAiO\u201c \u012frenginys bus apr\u016bpintas naujausia EMS versija, technin\u0117s \u012frangos atnaujinimais ir atnaujinta aptarnavimo s\u0105lyga.<\/p><p class=\"translation-block\"><b>Politikos atnaujinimai<br><\/b>\u201eBesst\u201c pasilieka teis\u0119 bet kuriuo metu be i\u0161ankstinio \u012fsp\u0117jimo keisti, sustabdyti arba nutraukti \u0161i\u0105 Preki\u0173 keitimo politik\u0105.<br>Naujausia versija visada bus prieinama m\u016bs\u0173 svetain\u0117je.<\/p><p class=\"translation-block\"><b>Taikoma teis\u0117<br><\/b>\u0160iai politikai taikoma ir ji ai\u0161kinama pagal<br>Estijos Respublikos \u012fstatymus. Visus gin\u010dus, kylan\u010dius d\u0117l dalyvavimo, sprend\u017eia<br>kompetentingi Talino (Estija) teismai.<\/p>\t\t\t\t\t\t\t\t<\/div>\n\t\t\t\t<\/div>\n\t\t\t\t\t<\/div>\n\t\t\t\t<\/div>\n\t\t\t\t<\/div>","protected":false},"excerpt":{"rendered":"<p>Trade-in policy Besst Technologies O\u00dc Trade-In PolicyEffective Date: 29 August 2025 At Besst Technologies O\u00dc (Besst), we aim to reward long-term participation in our VirtualPower Plant (VPP) community with access to our latest energy storage technology. OurTrade-In Program is designed to support this transition \u2014 allowing eligible users toupgrade their battery systems after 36 months [&hellip;]<\/p>\n","protected":false},"author":2,"featured_media":0,"parent":0,"menu_order":0,"comment_status":"closed","ping_status":"closed","template":"","meta":{"inline_featured_image":false,"site-sidebar-layout":"no-sidebar","site-content-layout":"page-builder","ast-site-content-layout":"full-width-container","site-content-style":"default","site-sidebar-style":"default","ast-global-header-display":"","ast-banner-title-visibility":"","ast-main-header-display":"","ast-hfb-above-header-display":"","ast-hfb-below-header-display":"","ast-hfb-mobile-header-display":"","site-post-title":"disabled","ast-breadcrumbs-content":"","ast-featured-img":"disabled","footer-sml-layout":"","theme-transparent-header-meta":"","adv-header-id-meta":"","stick-header-meta":"","header-above-stick-meta":"","header-main-stick-meta":"","header-below-stick-meta":"","astra-migrate-meta-layouts":"set","ast-page-background-enabled":"default","ast-page-background-meta":{"desktop":{"background-color":"","background-image":"","background-repeat":"repeat","background-position":"center center","background-size":"auto","background-attachment":"scroll","background-type":"","background-media":"","overlay-type":"","overlay-color":"","overlay-opacity":"","overlay-gradient":""},"tablet":{"background-color":"","background-image":"","background-repeat":"repeat","background-position":"center center","background-size":"auto","background-attachment":"scroll","background-type":"","background-media":"","overlay-type":"","overlay-color":"","overlay-opacity":"","overlay-gradient":""},"mobile":{"background-color":"","background-image":"","background-repeat":"repeat","background-position":"center center","background-size":"auto","background-attachment":"scroll","background-type":"","background-media":"","overlay-type":"","overlay-color":"","overlay-opacity":"","overlay-gradient":""}},"ast-content-background-meta":{"desktop":{"background-color":"var(--ast-global-color-5)","background-image":"","background-repeat":"repeat","background-position":"center center","background-size":"auto","background-attachment":"scroll","background-type":"","background-media":"","overlay-type":"","overlay-color":"","overlay-opacity":"","overlay-gradient":""},"tablet":{"background-color":"var(--ast-global-color-5)","background-image":"","background-repeat":"repeat","background-position":"center center","background-size":"auto","background-attachment":"scroll","background-type":"","background-media":"","overlay-type":"","overlay-color":"","overlay-opacity":"","overlay-gradient":""},"mobile":{"background-color":"var(--ast-global-color-5)","background-image":"","background-repeat":"repeat","background-position":"center center","background-size":"auto","background-attachment":"scroll","background-type":"","background-media":"","overlay-type":"","overlay-color":"","overlay-opacity":"","overlay-gradient":""}},"footnotes":""},"class_list":["post-5117","page","type-page","status-publish","hentry"],"_links":{"self":[{"href":"https:\/\/besst.tech\/lt\/wp-json\/wp\/v2\/pages\/5117","targetHints":{"allow":["GET"]}}],"collection":[{"href":"https:\/\/besst.tech\/lt\/wp-json\/wp\/v2\/pages"}],"about":[{"href":"https:\/\/besst.tech\/lt\/wp-json\/wp\/v2\/types\/page"}],"author":[{"embeddable":true,"href":"https:\/\/besst.tech\/lt\/wp-json\/wp\/v2\/users\/2"}],"replies":[{"embeddable":true,"href":"https:\/\/besst.tech\/lt\/wp-json\/wp\/v2\/comments?post=5117"}],"version-history":[{"count":7,"href":"https:\/\/besst.tech\/lt\/wp-json\/wp\/v2\/pages\/5117\/revisions"}],"predecessor-version":[{"id":5133,"href":"https:\/\/besst.tech\/lt\/wp-json\/wp\/v2\/pages\/5117\/revisions\/5133"}],"wp:attachment":[{"href":"https:\/\/besst.tech\/lt\/wp-json\/wp\/v2\/media?parent=5117"}],"curies":[{"name":"wp","href":"https:\/\/api.w.org\/{rel}","templated":true}]}}