{"id":5714,"date":"2025-09-11T09:28:27","date_gmt":"2025-09-11T09:28:27","guid":{"rendered":"https:\/\/besst.tech\/?page_id=5714"},"modified":"2025-09-11T09:41:12","modified_gmt":"2025-09-11T09:41:12","slug":"esg","status":"publish","type":"page","link":"https:\/\/besst.tech\/lt\/esg\/","title":{"rendered":"ESG"},"content":{"rendered":"<div data-elementor-type=\"wp-page\" data-elementor-id=\"5714\" class=\"elementor elementor-5714\" data-elementor-post-type=\"page\">\n\t\t\t\t<div class=\"elementor-element elementor-element-51a8a14 e-flex e-con-boxed e-con e-parent\" data-id=\"51a8a14\" data-element_type=\"container\">\n\t\t\t\t\t<div class=\"e-con-inner\">\n\t\t\t\t<div class=\"elementor-element elementor-element-6d07acd elementor-widget elementor-widget-heading\" data-id=\"6d07acd\" data-element_type=\"widget\" data-widget_type=\"heading.default\">\n\t\t\t\t<div class=\"elementor-widget-container\">\n\t\t\t\t\t<h2 class=\"elementor-heading-title elementor-size-default\">ESG<\/h2>\t\t\t\t<\/div>\n\t\t\t\t<\/div>\n\t\t\t\t<div class=\"elementor-element elementor-element-6f8e1ca elementor-widget elementor-widget-text-editor\" data-id=\"6f8e1ca\" data-element_type=\"widget\" data-widget_type=\"text-editor.default\">\n\t\t\t\t<div class=\"elementor-widget-container\">\n\t\t\t\t\t\t\t\t\t<p><strong>ESG pagrindu sukurta, bendruomen\u0117s valdoma decentralizuota energijos kaupimo VPP: Besst pirmauja \u017eiedin\u0117s ekonomikos srityje.<\/strong><\/p><p>Besst vartotojai n\u0117ra klientai \u2013 jie yra m\u016bs\u0173 \u017ealiosios energijos ateities pastat\u0173 partneriai. Kartu mes kuriame kei\u010diamo dyd\u017eio saugyklas, \u017eiedines inovacijas ir darome real\u0173 socialin\u012f bei aplinkosaugin\u012f poveik\u012f.<\/p><h4><strong>M\u016bs\u0173 ESG rams\u010diai<\/strong><\/h4><p><strong>Aplinkosaugos prie\u017ei\u016bra<\/strong><\/p><ul><li>Baterijos yra keitimo ir perdirbimo ciklo dalis: naudotojai gali atnaujinti po 3\u20135 met\u0173, o nebenaudojami \u012frenginiai yra atsakingai perdirbami \u2013 taip jie i\u0161lieka ekosistemoje ir nepatenka \u012f s\u0105vartynus.<\/li><li>M\u016bs\u0173 verslo modelis atitinka geriausi\u0105 \u017eiedin\u0117s ekonomikos praktik\u0105 ir leid\u017eia diegti naujausias atliek\u0173 ma\u017einimo inovacijas.<\/li><li>Prenumeratos tipo bendruomen\u0117s nuosavyb\u0117 padeda steb\u0117ti ir valdyti akumuliatoriaus gyvavimo cikl\u0105, skatinant skaidr\u0173 ir kei\u010diamo mastelio poveik\u012f aplinkai.<\/li><\/ul><p><strong>Socialin\u0117 ir bendruomenin\u0117 atsakomyb\u0117<\/strong><\/p><ul><li>M\u016bs\u0173 partneriai n\u0117ra vartotojai \u2013 jie yra bendrasavininkiai energetikos permainose, skatinan\u010diose energetikos demokratij\u0105.<\/li><li>Naudodamiesi m\u016bs\u0173 prekybos sistema ir prieinamomis kainomis, atveriame duris ma\u017eas pajamas gaunantiems nam\u0173 \u016bkiams.<\/li><li>Bendruomen\u0117s \u0161vietimas ir \u012fsitraukimas stiprina ESG kult\u016br\u0105 ir partneri\u0173 lojalum\u0105<\/li><\/ul><p><strong>Valdymo ir ESG suderinamumas<\/strong><\/p><ul><li>ESG yra tiesiogiai \u012faustas \u012f Besst strategij\u0105. Taip ESG suderinimas kuria ilgalaik\u0119 vert\u0119.<\/li><li>Integruojame pasaulines ataskait\u0173 teikimo sistemas \u2013 ESRS, IFRS S1\/S2, GRI \u2013 siekdami nuoseklumo ir skaidrumo<\/li><li>Metinis ESG rezultat\u0173 skelbimas pagal drausmingus standartus u\u017etikrina ai\u0161kum\u0105 ir pasirengim\u0105 reguliavimui<\/li><\/ul>\t\t\t\t\t\t\t\t<\/div>\n\t\t\t\t<\/div>\n\t\t\t\t<div class=\"elementor-element elementor-element-e92e03b elementor-widget elementor-widget-html\" data-id=\"e92e03b\" data-element_type=\"widget\" data-widget_type=\"html.default\">\n\t\t\t\t<div class=\"elementor-widget-container\">\n\t\t\t\t\t<div class=\"besst-table-wrap\">\r\n  <style>\r\n    .besst-table-wrap{\r\n        max-width:100%;\r\n        overflow:auto;\r\n        margin-top: 20px\r\n    }\r\n    table.besst-table{\r\n      width:100%; \r\n      border-collapse:separate; border-spacing:0;\r\n      font-family: \"Montserrat\", Sans-serif; \r\n      font-size:16px; \r\n      line-height:1.35; \r\n      color:#1a1a1a;\r\n      min-width:720px;\r\n      text-align:\u0434\u0443\u0430\u0435; \/* centers all cells by default *\/\r\n    }\r\n    .besst-table{\r\n      border:none !important;\r\n    }\r\n    .besst-table thead th{\r\n      background:#F7B32B; color:#fff; font-weight:700;\r\n      padding:14px 16px; position:relative;\r\n    }\r\n    .besst-table thead th:first-child{border-top-left-radius:12px}\r\n    .besst-table thead th:last-child{border-top-right-radius:12px}\r\n    .besst-table th, .besst-table td{padding:12px 16px; vertical-align:middle}\r\n    .besst-table tbody tr:nth-child(even){background:#E8E8E8}\r\n    .besst-table small{font-weight:600}\r\n    \/* Hover effect *\/\r\n    .besst-table tbody tr:hover{\r\n      background:#fdf4e3;\r\n      transition:background 0.2s ease-in-out;\r\n    }\r\n    @media (max-width:768px){ .besst-table{font-size:15px;\r\n    }\r\n        table.besst-table{\r\n          text-align:left;\r\n        }\r\n     }\r\n  <\/style>\r\n\r\n  <table class=\"besst-table\" role=\"table\" aria-label=\"BESS pricing and returns\">\r\n    <thead>\r\n        <tr>\r\n            <th>Stulpas<\/th>\r\n            <th>Apra\u0161ymas<\/th>\r\n        <\/tr>\r\n    <\/thead>\r\n    <tbody>\r\n        <tr>\r\n            <td>Aplinka<\/td>\r\n            <td>Prekybos ir perdirbimo ciklas; \u017eiedinis baterij\u0173 gyvavimo ciklas; kei\u010diamo dyd\u017eio poveikio steb\u0117jimas<\/td>\r\n        <\/tr>\r\n        <tr>\r\n            <td>Socialinis<\/td>\r\n            <td>Partneriai, o ne klientai; lygi prieiga; bendruomen\u0117s \u0161vietimas ir bendra nuosavyb\u0117<\/td>\r\n        <\/tr>\r\n        <tr>\r\n            <td>Valdymas<\/td>\r\n            <td>ESG integruotas \u012f strategij\u0105; suderintas su ESRS, TFAS, GRI; metinis ESG atskleidimas<\/td>\r\n        <\/tr>\r\n    <\/tbody>\r\n<\/table>\r\n<\/div>\t\t\t\t<\/div>\n\t\t\t\t<\/div>\n\t\t\t\t\t<\/div>\n\t\t\t\t<\/div>\n\t\t<div class=\"elementor-element elementor-element-62b9aa4 e-flex e-con-boxed e-con e-parent\" data-id=\"62b9aa4\" data-element_type=\"container\">\n\t\t\t\t\t<div class=\"e-con-inner\">\n\t\t\t\t<div class=\"elementor-element elementor-element-490907a elementor-widget elementor-widget-text-editor\" data-id=\"490907a\" data-element_type=\"widget\" data-widget_type=\"text-editor.default\">\n\t\t\t\t<div class=\"elementor-widget-container\">\n\t\t\t\t\t\t\t\t\t<p><strong>Bendruomen\u0117 kaip partneriai<\/strong><\/p><ul><li>Nuosavyb\u0117 per dizain\u0105: kiekvienas partneris yra suinteresuotas BESST s\u0117kme \u2013 tiek finansi\u0161kai, tiek aplinkosaugos po\u017ei\u016briu<\/li><li>Skaidrus ESG poveikis: tiesioginiai ataskait\u0173 suvestin\u0117s duomenys rodo i\u0161vengt\u0105 CO\u2082 i\u0161metim\u0105, sukauptas kWh, pakartotinai panaudotas med\u017eiagas ir partneri\u0173 augim\u0105<\/li><li>\u012etraukus \u017eiedi\u0161kumas: prekybos sistema suma\u017eina patekimo \u012f rink\u0105 kli\u016btis ir u\u017edaro i\u0161tekli\u0173 cikl\u0105, tod\u0117l tvarumas tampa prieinamas.<\/li><\/ul>\t\t\t\t\t\t\t\t<\/div>\n\t\t\t\t<\/div>\n\t\t\t\t\t<\/div>\n\t\t\t\t<\/div>\n\t\t\t\t<\/div>","protected":false},"excerpt":{"rendered":"<p>ESG ESG-Built, community-driven decentralized energy storage VPP: Besst leads with circularity. At Besst, users aren\u2019t clients &#8211; they\u2019re partners in our green energy future building. Together, we deliver scalable storage, circular innovation, and real social and environmental impact. Our ESG pillars Environmental stewardship Batteries are part of a trade-in &amp; recycling loop: users can upgrade [&hellip;]<\/p>\n","protected":false},"author":6,"featured_media":0,"parent":0,"menu_order":0,"comment_status":"closed","ping_status":"closed","template":"","meta":{"inline_featured_image":false,"site-sidebar-layout":"no-sidebar","site-content-layout":"page-builder","ast-site-content-layout":"full-width-container","site-content-style":"default","site-sidebar-style":"default","ast-global-header-display":"","ast-banner-title-visibility":"","ast-main-header-display":"","ast-hfb-above-header-display":"","ast-hfb-below-header-display":"","ast-hfb-mobile-header-display":"","site-post-title":"disabled","ast-breadcrumbs-content":"","ast-featured-img":"disabled","footer-sml-layout":"","theme-transparent-header-meta":"","adv-header-id-meta":"","stick-header-meta":"","header-above-stick-meta":"","header-main-stick-meta":"","header-below-stick-meta":"","astra-migrate-meta-layouts":"set","ast-page-background-enabled":"default","ast-page-background-meta":{"desktop":{"background-color":"","background-image":"","background-repeat":"repeat","background-position":"center center","background-size":"auto","background-attachment":"scroll","background-type":"","background-media":"","overlay-type":"","overlay-color":"","overlay-opacity":"","overlay-gradient":""},"tablet":{"background-color":"","background-image":"","background-repeat":"repeat","background-position":"center center","background-size":"auto","background-attachment":"scroll","background-type":"","background-media":"","overlay-type":"","overlay-color":"","overlay-opacity":"","overlay-gradient":""},"mobile":{"background-color":"","background-image":"","background-repeat":"repeat","background-position":"center center","background-size":"auto","background-attachment":"scroll","background-type":"","background-media":"","overlay-type":"","overlay-color":"","overlay-opacity":"","overlay-gradient":""}},"ast-content-background-meta":{"desktop":{"background-color":"var(--ast-global-color-5)","background-image":"","background-repeat":"repeat","background-position":"center center","background-size":"auto","background-attachment":"scroll","background-type":"","background-media":"","overlay-type":"","overlay-color":"","overlay-opacity":"","overlay-gradient":""},"tablet":{"background-color":"var(--ast-global-color-5)","background-image":"","background-repeat":"repeat","background-position":"center center","background-size":"auto","background-attachment":"scroll","background-type":"","background-media":"","overlay-type":"","overlay-color":"","overlay-opacity":"","overlay-gradient":""},"mobile":{"background-color":"var(--ast-global-color-5)","background-image":"","background-repeat":"repeat","background-position":"center center","background-size":"auto","background-attachment":"scroll","background-type":"","background-media":"","overlay-type":"","overlay-color":"","overlay-opacity":"","overlay-gradient":""}},"footnotes":""},"class_list":["post-5714","page","type-page","status-publish","hentry"],"_links":{"self":[{"href":"https:\/\/besst.tech\/lt\/wp-json\/wp\/v2\/pages\/5714","targetHints":{"allow":["GET"]}}],"collection":[{"href":"https:\/\/besst.tech\/lt\/wp-json\/wp\/v2\/pages"}],"about":[{"href":"https:\/\/besst.tech\/lt\/wp-json\/wp\/v2\/types\/page"}],"author":[{"embeddable":true,"href":"https:\/\/besst.tech\/lt\/wp-json\/wp\/v2\/users\/6"}],"replies":[{"embeddable":true,"href":"https:\/\/besst.tech\/lt\/wp-json\/wp\/v2\/comments?post=5714"}],"version-history":[{"count":10,"href":"https:\/\/besst.tech\/lt\/wp-json\/wp\/v2\/pages\/5714\/revisions"}],"predecessor-version":[{"id":5724,"href":"https:\/\/besst.tech\/lt\/wp-json\/wp\/v2\/pages\/5714\/revisions\/5724"}],"wp:attachment":[{"href":"https:\/\/besst.tech\/lt\/wp-json\/wp\/v2\/media?parent=5714"}],"curies":[{"name":"wp","href":"https:\/\/api.w.org\/{rel}","templated":true}]}}