{"id":3802,"date":"2025-06-01T15:04:41","date_gmt":"2025-06-01T15:04:41","guid":{"rendered":"https:\/\/besst.tech\/?page_id=3802"},"modified":"2025-08-27T07:58:49","modified_gmt":"2025-08-27T07:58:49","slug":"returns-refunds","status":"publish","type":"page","link":"https:\/\/besst.tech\/lv\/returns-refunds\/","title":{"rendered":"Pre\u010du atgrie\u0161ana &amp; Naudas atmaksa"},"content":{"rendered":"<div data-elementor-type=\"wp-page\" data-elementor-id=\"3802\" class=\"elementor elementor-3802\" data-elementor-post-type=\"page\">\n\t\t\t\t<div class=\"elementor-element elementor-element-ee3b989 e-flex e-con-boxed e-con e-parent\" data-id=\"ee3b989\" data-element_type=\"container\">\n\t\t\t\t\t<div class=\"e-con-inner\">\n\t\t\t\t<div class=\"elementor-element elementor-element-edf4bce elementor-widget elementor-widget-heading\" data-id=\"edf4bce\" data-element_type=\"widget\" data-widget_type=\"heading.default\">\n\t\t\t\t<div class=\"elementor-widget-container\">\n\t\t\t\t\t<h2 class=\"elementor-heading-title elementor-size-default\">Atgrie\u0161anas un atmaksas politika<\/h2>\t\t\t\t<\/div>\n\t\t\t\t<\/div>\n\t\t\t\t<div class=\"elementor-element elementor-element-ac466bd elementor-widget elementor-widget-text-editor\" data-id=\"ac466bd\" data-element_type=\"widget\" data-widget_type=\"text-editor.default\">\n\t\t\t\t<div class=\"elementor-widget-container\">\n\t\t\t\t\t\t\t\t\t<p>Sp\u0113k\u0101 st\u0101\u0161an\u0101s datums: 1.06.2025.<\/p>\n<p>Uz\u0146\u0113mum\u0101 Besst Technologies j\u016bsu apmierin\u0101t\u012bba ir svar\u012bga. \u0160\u012b pre\u010du atgrie\u0161anas un atmaksas politika paskaidro, k\u0101 m\u0113s r\u012bkojamies ar pre\u010du atgrie\u0161anu, apmai\u0146u un atmaksu, lai nodro\u0161in\u0101tu skaidru un raitu procesu.<\/p>\n<p><b>Ties\u012bbas uz atgrie\u0161anu<\/b><\/p>\n<p class=\"translation-block\">Liel\u0101ko da\u013cu no Besst ieg\u0101d\u0101to pre\u010du var atgriezt <b>30 dienu laik\u0101 p\u0113c pieg\u0101des<\/b>, ja vien:<\/p>\n<ul>\n<li aria-level=\"1\">Prece nav lietota un ir t\u0101d\u0101 pa\u0161\u0101 st\u0101vokl\u012b, k\u0101d\u0101 t\u0101 tika sa\u0146emta.<\/li>\n<li aria-level=\"1\">Tas ir ori\u0123in\u0101laj\u0101 iepakojum\u0101 ar visiem piederumiem un rokasgr\u0101mat\u0101m.<\/li>\n<li aria-level=\"1\">Jums ir pirkuma apliecin\u0101jums (piem\u0113ram, pas\u016bt\u012bjuma apstiprin\u0101jums vai kv\u012bts).<\/li>\n<\/ul>\n<p>Da\u017eas preces (piem\u0113ram, piel\u0101goti pas\u016bt\u012bjumi vai programmat\u016bras licences) var neb\u016bt piem\u0113rotas atgrie\u0161anai. Visi iz\u0146\u0113mumi b\u016bs skaidri nor\u0101d\u012bti produkta lap\u0101.<\/p>\n<p><b>K\u0101 uzs\u0101kt atgrie\u0161anas procesu<\/b><\/p>\n<p>Lai s\u0101ktu atgrie\u0161anas procesu, l\u016bdzu, sazinieties ar mums, izmantojot:<\/p>\n<p class=\"translation-block\"><b>Besst Technologies O\u00dc<\/b><br><b>E-pasts:<\/b> info@besst.tech<br><b>T\u0101lrunis:<\/b> +372 5669 9452<\/p>\n<p class=\"translation-block\">M\u0113s sniegsim <b>pre\u010du atgrie\u0161anas autoriz\u0101cijas (RMA) numuru<\/b> un nor\u0101d\u012bjumus par to, kur nos\u016bt\u012bt preci.<\/p>\n<ul>\n<li aria-level=\"1\"><b>Shipping Costs:<\/b> You are responsible for return shipping costs unless the return is due to our error (e.g., incorrect or defective item).<\/li>\n<li aria-level=\"1\" class=\"translation-block\"><b>Iepako\u0161ana:<\/b> L\u016bdzu, dro\u0161i iepakojiet preci, lai nov\u0113rstu boj\u0101jumus transport\u0113\u0161anas laik\u0101.<\/li>\n<\/ul>\n<p><b>Atmaksas<\/b><\/p>\n<p>Kad b\u016bsim sa\u0146\u0113mu\u0161i un p\u0101rbaud\u012bju\u0161i j\u016bsu atgriezto preci, m\u0113s j\u016bs inform\u0113sim par atmaksas apstiprin\u0101\u0161anu vai noraid\u012b\u0161anu. Ja apstiprin\u0101jums tiks sniegts:<\/p>\n<ul>\n<li aria-level=\"1\">Atmaksas tiks apstr\u0101d\u0101tas, izmantojot j\u016bsu s\u0101kotn\u0113jo maks\u0101juma veidu, \u0161\u0101d\u0101 laik\u0101: <b>7 darba dienas<\/b>.<\/li>\n<li aria-level=\"1\">Pieg\u0101des maksa netiek atmaks\u0101ta.<\/li>\n<\/ul>\n<p>Ja prece netiek apstiprin\u0101ta atmaksai (piem\u0113ram, boj\u0101ta vai neatbilst ori\u0123in\u0101lajam st\u0101voklim), m\u0113s j\u016bs par to inform\u0113sim un atgriez\u012bsim preci uz j\u016bsu r\u0113\u0137ina.<\/p>\n<p><b>Apmai\u0146as<\/b><\/p>\n<p>M\u0113s nomain\u0101m preces tikai tad, ja t\u0101s ir boj\u0101tas vai boj\u0101tas. Lai piepras\u012btu apmai\u0146u pret t\u0101du pa\u0161u preci, l\u016bdzu, sazinieties ar mums pa e-pastu info@besst.tech.<\/p>\n<p><b>Nokav\u0113tas vai tr\u016bksto\u0161as \u200b\u200batmaksas<\/b><\/p>\n<p>Ja neesat sa\u0146\u0113mis savu atmaksu:<\/p>\n<ul>\n<li aria-level=\"1\">P\u0101rbaudiet savu bankas vai kred\u012btkartes kontu.<\/li>\n<li aria-level=\"1\">Sazinieties ar savu maks\u0101jumu pakalpojumu sniedz\u0113ju, jo apstr\u0101des laiks var at\u0161\u0137irties.<\/li>\n<li aria-level=\"1\">Ja jums joproj\u0101m ir ba\u017eas, sazinieties ar mums pa e-pastu info@besst.tech.<\/li>\n<\/ul>\n<p><b>Politikas atjaunin\u0101jumi<\/b><\/p>\n<p>M\u0113s varam atjaunin\u0101t \u0161o atgrie\u0161anas un atmaksas politiku p\u0113c nepiecie\u0161am\u012bbas. Izmai\u0146as tiks public\u0113tas \u0161aj\u0101 lap\u0101 ar atjaunin\u0101tu sp\u0113k\u0101 st\u0101\u0161an\u0101s datumu.<\/p>\n<p><b>Sazinies ar mums<\/b><\/p>\n<p>Ja jums ir k\u0101di jaut\u0101jumi vai v\u0113laties s\u0101kt atgrie\u0161anu:<br><b>E-pasts:<\/b> info@besst.tech<br><b>Telefons:<\/b> +372 5669 9452<br><b>Adrese:<\/b> Valukoja 8\/1, 11415 Tallinn<\/p>\t\t\t\t\t\t\t\t<\/div>\n\t\t\t\t<\/div>\n\t\t\t\t\t<\/div>\n\t\t\t\t<\/div>\n\t\t\t\t<\/div>","protected":false},"excerpt":{"rendered":"<p>Returns &amp; Refunds policy Effective Date: 1.06.2025. At Besst Technologies, your satisfaction is important to us. This Returns &amp; Refunds policy explains how we handle returns, exchanges, and refunds to ensure a clear and smooth process. Eligibility for returns You can return most items purchased from Besst within 30 days of delivery, provided that: The [&hellip;]<\/p>\n","protected":false},"author":2,"featured_media":0,"parent":0,"menu_order":0,"comment_status":"closed","ping_status":"closed","template":"","meta":{"inline_featured_image":false,"site-sidebar-layout":"no-sidebar","site-content-layout":"page-builder","ast-site-content-layout":"full-width-container","site-content-style":"default","site-sidebar-style":"default","ast-global-header-display":"","ast-banner-title-visibility":"","ast-main-header-display":"","ast-hfb-above-header-display":"","ast-hfb-below-header-display":"","ast-hfb-mobile-header-display":"","site-post-title":"disabled","ast-breadcrumbs-content":"","ast-featured-img":"disabled","footer-sml-layout":"","theme-transparent-header-meta":"","adv-header-id-meta":"","stick-header-meta":"","header-above-stick-meta":"","header-main-stick-meta":"","header-below-stick-meta":"","astra-migrate-meta-layouts":"set","ast-page-background-enabled":"default","ast-page-background-meta":{"desktop":{"background-color":"","background-image":"","background-repeat":"repeat","background-position":"center center","background-size":"auto","background-attachment":"scroll","background-type":"","background-media":"","overlay-type":"","overlay-color":"","overlay-opacity":"","overlay-gradient":""},"tablet":{"background-color":"","background-image":"","background-repeat":"repeat","background-position":"center center","background-size":"auto","background-attachment":"scroll","background-type":"","background-media":"","overlay-type":"","overlay-color":"","overlay-opacity":"","overlay-gradient":""},"mobile":{"background-color":"","background-image":"","background-repeat":"repeat","background-position":"center center","background-size":"auto","background-attachment":"scroll","background-type":"","background-media":"","overlay-type":"","overlay-color":"","overlay-opacity":"","overlay-gradient":""}},"ast-content-background-meta":{"desktop":{"background-color":"var(--ast-global-color-5)","background-image":"","background-repeat":"repeat","background-position":"center center","background-size":"auto","background-attachment":"scroll","background-type":"","background-media":"","overlay-type":"","overlay-color":"","overlay-opacity":"","overlay-gradient":""},"tablet":{"background-color":"var(--ast-global-color-5)","background-image":"","background-repeat":"repeat","background-position":"center center","background-size":"auto","background-attachment":"scroll","background-type":"","background-media":"","overlay-type":"","overlay-color":"","overlay-opacity":"","overlay-gradient":""},"mobile":{"background-color":"var(--ast-global-color-5)","background-image":"","background-repeat":"repeat","background-position":"center center","background-size":"auto","background-attachment":"scroll","background-type":"","background-media":"","overlay-type":"","overlay-color":"","overlay-opacity":"","overlay-gradient":""}},"footnotes":""},"class_list":["post-3802","page","type-page","status-publish","hentry"],"_links":{"self":[{"href":"https:\/\/besst.tech\/lv\/wp-json\/wp\/v2\/pages\/3802","targetHints":{"allow":["GET"]}}],"collection":[{"href":"https:\/\/besst.tech\/lv\/wp-json\/wp\/v2\/pages"}],"about":[{"href":"https:\/\/besst.tech\/lv\/wp-json\/wp\/v2\/types\/page"}],"author":[{"embeddable":true,"href":"https:\/\/besst.tech\/lv\/wp-json\/wp\/v2\/users\/2"}],"replies":[{"embeddable":true,"href":"https:\/\/besst.tech\/lv\/wp-json\/wp\/v2\/comments?post=3802"}],"version-history":[{"count":16,"href":"https:\/\/besst.tech\/lv\/wp-json\/wp\/v2\/pages\/3802\/revisions"}],"predecessor-version":[{"id":4855,"href":"https:\/\/besst.tech\/lv\/wp-json\/wp\/v2\/pages\/3802\/revisions\/4855"}],"wp:attachment":[{"href":"https:\/\/besst.tech\/lv\/wp-json\/wp\/v2\/media?parent=3802"}],"curies":[{"name":"wp","href":"https:\/\/api.w.org\/{rel}","templated":true}]}}