{"id":5108,"date":"2025-08-29T00:38:13","date_gmt":"2025-08-29T00:38:13","guid":{"rendered":"https:\/\/besst.tech\/?page_id=5108"},"modified":"2025-08-29T01:07:49","modified_gmt":"2025-08-29T01:07:49","slug":"elementor-5108","status":"publish","type":"page","link":"https:\/\/besst.tech\/lv\/elementor-5108\/","title":{"rendered":"Garantija"},"content":{"rendered":"<div data-elementor-type=\"wp-page\" data-elementor-id=\"5108\" class=\"elementor elementor-5108\" data-elementor-post-type=\"page\">\n\t\t\t\t<div class=\"elementor-element elementor-element-c04c09e e-flex e-con-boxed e-con e-parent\" data-id=\"c04c09e\" data-element_type=\"container\">\n\t\t\t\t\t<div class=\"e-con-inner\">\n\t\t\t\t<div class=\"elementor-element elementor-element-e3e17c7 elementor-widget elementor-widget-heading\" data-id=\"e3e17c7\" data-element_type=\"widget\" data-widget_type=\"heading.default\">\n\t\t\t\t<div class=\"elementor-widget-container\">\n\t\t\t\t\t<h2 class=\"elementor-heading-title elementor-size-default\">Garantija<\/h2>\t\t\t\t<\/div>\n\t\t\t\t<\/div>\n\t\t\t\t<div class=\"elementor-element elementor-element-d30a4de elementor-widget elementor-widget-text-editor\" data-id=\"d30a4de\" data-element_type=\"widget\" data-widget_type=\"text-editor.default\">\n\t\t\t\t<div class=\"elementor-widget-container\">\n\t\t\t\t\t\t\t\t\t<p class=\"translation-block\"><strong>Besst Technologies O\u00dc ierobe\u017eot\u0101 garantija<\/strong><br>Attiecas uz: Bestst univers\u0101laj\u0101m (AiO) akumulatora ener\u0123ijas uzkr\u0101\u0161anas sist\u0113m\u0101m (BESS)<br>Sp\u0113k\u0101 st\u0101\u0161an\u0101s datums: 2025. gada 29. augusts<\/p><p class=\"translation-block\">Uz\u0146\u0113mum\u0101 <b>Besst Technologies O\u00dc (Besst)<\/b> m\u0113s cen\u0161amies nodro\u0161in\u0101t visaugst\u0101ko klientu apmierin\u0101t\u012bbas l\u012bmeni. Tas ietver visaptvero\u0161u garantijas segumu Besst z\u012bmola ier\u012bc\u0113m, kas<br>nodro\u0161ina m\u016bsu klientu sirdsmieru.<\/p><p class=\"translation-block\"><strong>Garantijas slieksnis<\/strong><br><span style=\"text-decoration: underline\">Akumulatora modu\u013ci<\/span><br>Besst garant\u0113, ka AiO ier\u012bc\u0113 ietvertajiem akumulatora modu\u013ciem <b>desmit (10) gadus<\/b> no<br>uzst\u0101d\u012b\u0161anas datuma (<b>Garantijas periods<\/b>) neb\u016bs<br>materi\u0101lu un izgatavo\u0161anas defektu norm\u0101las lieto\u0161anas laik\u0101.<br><span style=\"text-decoration: underline\">Hibr\u012bda invertors<\/span><br>Besst garant\u0113, ka AiO ier\u012bc\u0113 ietvertajam hibr\u012bda invertoram <b>piecus (5) gadus<\/b> no<br>uzst\u0101d\u012b\u0161anas datuma norm\u0101las lieto\u0161anas laik\u0101 neb\u016bs<br>materi\u0101lu un izgatavo\u0161anas defektu.<br><span style=\"text-decoration: underline\">Citas sast\u0101vda\u013cas<\/span><br>Vis\u0101m p\u0101r\u0113j\u0101m AiO ier\u012bces sast\u0101vda\u013c\u0101m (tostarp EMS programmat\u016brai, sensoriem, dzes\u0113\u0161anas sist\u0113m\u0101m,<br>korpusam un sakaru ier\u012bc\u0113m) ir <b>piecu gadu garantija (5) gadi<\/b> no uzst\u0101d\u012b\u0161anas<br>datuma.<\/p><p class=\"translation-block\"><strong>Veiktsp\u0113jas garantija<\/strong><br>Besst garant\u0113, ka akumulators saglab\u0101s vismaz <b>80\u00a0% no savas izmantojam\u0101s ener\u0123ijas ietilp\u012bbas<\/b> p\u0113c<br>desmit gadu garantijas perioda beig\u0101m, ja tas ir darbin\u0101ts saska\u0146\u0101 ar<br>lietot\u0101ja rokasgr\u0101matu un nor\u0101d\u012btajos ekspluat\u0101cijas apst\u0101k\u013cos.<\/p><p class=\"translation-block\">\u0160\u012bs garantijas izpratn\u0113 \u201cizmantojam\u0101s ener\u0123ijas jauda\u201d ir ener\u0123ijas daudzums<br>(kWh), ko var izl\u0101d\u0113t no akumulatora \u0161\u0101dos testa apst\u0101k\u013cos:<\/p><p style=\"padding-left: 40px;\" class=\"translation-block\">\u2022 Apk\u0101rt\u0113j\u0101s vides temperat\u016bra 25\u00a0\u00b0C \u00b1\u00a03\u00a0\u00b0C,<br>\u2022 Uzl\u0101des\/izl\u0101des \u0101trums 0,5\u00a0\u00b0C,<br>\u2022 Uzl\u0101des st\u0101vok\u013ca diapazons 0\u2013100\u00a0%,<br>\u2022 M\u0113r\u012bts p\u0113c tam, kad akumulators ir piln\u012bb\u0101 uzl\u0101d\u0113ts tr\u012bs (3) reizes, lai stabiliz\u0113tu veiktsp\u0113ju.<\/p><p>S\u0101kotn\u0113j\u0101 izmantojam\u0101 jauda ir j\u0101izm\u0113ra un j\u0101re\u0123istr\u0113 nodo\u0161anas ekspluat\u0101cij\u0101 laik\u0101.<\/p><p class=\"translation-block\"><strong>Tiesisk\u0101s aizsardz\u012bbas l\u012bdzek\u013ci<\/strong><br>Garantijas laik\u0101 Besst p\u0113c saviem ieskatiem veiks \u0161\u0101das darb\u012bbas:<br>(a) salabos boj\u0101to komponentu;<br>(b) nomain\u012bs boj\u0101to komponentu ar jaunu vai atjaunotu komponentu ar l\u012bdzv\u0113rt\u012bgu<br>vai lab\u0101ku veiktsp\u0113ju; vai<br>(c) nodro\u0161in\u0101s proporcion\u0101lu atmaksu, pamatojoties uz atliku\u0161o garantijas periodu.<br>Rezerves da\u013cas var b\u016bt jaunas, atjaunotas vai funkcion\u0101li l\u012bdzv\u0113rt\u012bgas, un remont\u0113to vai nomain\u012bto deta\u013cu garantijas periods nep\u0101rsniedz s\u0101kotn\u0113jo garantiju.<\/p><p class=\"translation-block\"><strong>Iz\u0146\u0113mumi<\/strong><br>\u0160\u012b garantija neattiecas uz defektiem, darb\u012bbas trauc\u0113jumiem vai k\u013c\u016bm\u0113m, kas radu\u0161\u0101s \u0161\u0101du iemeslu d\u0113\u013c:<\/p><p style=\"padding-left: 40px;\" class=\"translation-block\">\u2022 Nepareiza uzst\u0101d\u012b\u0161ana, nodo\u0161ana ekspluat\u0101cij\u0101, ekspluat\u0101cija vai apkope, ko nav veiku\u0161i Besst vai t\u0101 pilnvaroti partneri.<br>\u2022 Neat\u013cautas modifik\u0101cijas, remonts vai p\u0101rveidojumi.<br>\u2022 Lieto\u0161ana \u0101rpus noteiktajiem vides vai elektriskajiem apst\u0101k\u013ciem (tostarp p\u0101rspriegums,<br>p\u0101r\u0101k augsta temperat\u016bra, pl\u016bdi, ugunsgr\u0113ks vai citi \u0101r\u0113ji boj\u0101jumi).<br>\u2022 P\u0101rm\u0113r\u012bga cikliska iesl\u0113g\u0161ana vai izsl\u0113g\u0161ana, kas p\u0101rsniedz lietot\u0101ja rokasgr\u0101mat\u0101 nor\u0101d\u012btos ierobe\u017eojumus.<br>\u2022 Nepien\u0101c\u012bga apkope, tostarp Besst nodro\u0161in\u0101to atjaunin\u0101jumu neinstal\u0113\u0161ana.<br>\u2022 Nep\u0101rvaramas varas apst\u0101k\u013ci, tostarp zibens, zemestr\u012bces, pl\u016bdi, ugunsgr\u0113ki vai citas<br>dabas katastrofas.<br>\u2022 Kosm\u0113tiski defekti vai boj\u0101jumi, kas neietekm\u0113 veiktsp\u0113ju.<br>\u2022 Norm\u0101ls nolietojums, tostarp pak\u0101peniska jaudas samazin\u0101\u0161an\u0101s garant\u0113t\u0101<br>l\u012bme\u0146a ietvaros.<\/p><p class=\"translation-block\"><strong>Pretenzijas iesnieg\u0161anas proced\u016bra<\/strong><br>Lai iesniegtu garantijas pras\u012bbu, klientam ir j\u0101izpilda t\u0101l\u0101k nor\u0101d\u012bt\u0101s darb\u012bbas.<\/p><p style=\"padding-left: 40px;\" class=\"translation-block\">\u2022 30 dienu laik\u0101 p\u0113c defekta atkl\u0101\u0161anas rakstiski pazi\u0146ot uz\u0146\u0113mumam Besst.<br>\u2022 Sniedziet pirkuma apliecin\u0101jumu, uzst\u0101d\u012b\u0161anas datumu un uzst\u0101d\u012b\u0161anas inform\u0101ciju.<br>\u2022 Nodro\u0161iniet uz\u0146\u0113mumam Besst vai t\u0101 pilnvarotajam servisa partnerim sapr\u0101t\u012bgu piek\u013cuvi ier\u012bcei, lai to p\u0101rbaud\u012btu.<\/p><p class=\"translation-block\">Garantijas pras\u012bba nav sp\u0113k\u0101, ja vien nav izpild\u012bti iepriek\u0161 min\u0113tie nosac\u012bjumi.<br>Ja klients uzskata, ka akumulators nav sasniedzis garant\u0113to 80\u00a0% izmantojamo ietilp\u012bbu,<br>Besst vai t\u0101 pilnvarotais servisa partneris veiks diagnostikas testu. Ja klients<br>apstr\u012bd rezult\u0101tu, ietilp\u012bbas testu var veikt neatkar\u012bga sertific\u0113ta<br>laboratorija, par kuru vienoju\u0161\u0101s abas puses, un izmaksas tiek dal\u012btas vien\u0101di, ja vien tests neapstiprina<br>garantijas k\u013c\u016bmi, t\u0101d\u0101 gad\u012bjum\u0101 Besst sedz visas izmaksas.<\/p><p class=\"translation-block\"><strong>Atbild\u012bbas ierobe\u017eojums<\/strong><br>Besst kop\u0113j\u0101 atbild\u012bba saska\u0146\u0101 ar \u0161o garantiju ir ierobe\u017eota l\u012bdz AiO<br>ier\u012bces s\u0101kotn\u0113jai ieg\u0101des cenai.<br>Cikt\u0101l to at\u013cauj likums, Besst nav atbild\u012bgs par:<\/p><p style=\"padding-left: 40px;\" class=\"translation-block\">\u2022 netie\u0161i, nejau\u0161i, \u012bpa\u0161i, parauga vai izrieto\u0161i zaud\u0113jumi,<br>\u2022 AiO ier\u012bces lieto\u0161anas zaud\u0113\u0161ana,<br>\u2022 pe\u013c\u0146as, ie\u0146\u0113mumu, l\u012bgumu vai iesp\u0113ju zaud\u0113\u0161ana,<br>\u2022 paaugstin\u0101tas elektroener\u0123ijas izmaksas, uz\u0146\u0113m\u0113jdarb\u012bbas p\u0101rtrauk\u0161ana vai datu zudums,<br>\u2022 aizst\u0101j\u0113japr\u012bkojuma, iek\u0101rtu vai pakalpojumu izmaksas,<br>kas izriet no vai ir saist\u012bb\u0101 ar AiO ier\u012bci, t\u0101s uzst\u0101d\u012b\u0161anu, lieto\u0161anu, veiktsp\u0113ju vai \u0161o<br>garantiju.<\/p><p class=\"translation-block\">\u0160ie ierobe\u017eojumi ir sp\u0113k\u0101 neatkar\u012bgi no atbild\u012bbas juridisk\u0101s teorijas (l\u012bgum\u0101, delikt\u0101,<br>nolaid\u012bbas, stingras atbild\u012bbas vai cit\u0101di), pat ja Bests ir inform\u0113ts par<br>\u0161\u0101du boj\u0101jumu iesp\u0113jam\u012bbu.<br>\u0160\u012b garantija ir vien\u012bgais un ekskluz\u012bvais klientam pieejamais tiesisk\u0101s aizsardz\u012bbas l\u012bdzeklis un aizst\u0101j visas<br>citas garantijas, tostarp konkr\u0113tas tirdzniec\u012bbas garantijas un garantijas. m\u0113r\u0137is.<\/p><p class=\"translation-block\"><strong>Nodo\u0161anas iesp\u0113ja<\/strong><br>\u0160\u012b garantija ir <strong>nododama vienu reizi<\/strong> n\u0101kamajam \u012bpa\u0161uma, kur\u0101<br>AiO ier\u012bce ir uzst\u0101d\u012bta, \u012bpa\u0161niekam, ja Besst tiek iesniegts rakstisks pazi\u0146ojums 60 dienu laik\u0101 p\u0113c<br>nodo\u0161anas.<br><strong>Piem\u0113rojamie ties\u012bbu akti<\/strong><br>\u0160\u012b politika ir pak\u013cauta un interpret\u0113jama saska\u0146\u0101 ar<br>Igaunijas Republikas ties\u012bbu aktiem. Visus str\u012bdus, kas rodas no dal\u012bbas, risina<br>kompetent\u0101s tiesas Tallin\u0101, Igaunij\u0101.<\/p>\t\t\t\t\t\t\t\t<\/div>\n\t\t\t\t<\/div>\n\t\t\t\t\t<\/div>\n\t\t\t\t<\/div>\n\t\t\t\t<\/div>","protected":false},"excerpt":{"rendered":"<p>Warranty Besst Technologies O\u00dc Limited WarrantyApplies to: Besst All-in-One (AiO) Battery Energy Storage Systems (BESS)Effective Date: 29 August 2025 At Besst Technologies O\u00dc (Besst), we aim to provide the highest customer satisfactionlevels. This includes a comprehensive warranty coverage for Besst-branded devices, thatensures peace of mind for our customers. CoverageBattery modulesBesst warrants that the battery modules [&hellip;]<\/p>\n","protected":false},"author":2,"featured_media":0,"parent":0,"menu_order":0,"comment_status":"closed","ping_status":"closed","template":"","meta":{"inline_featured_image":false,"site-sidebar-layout":"no-sidebar","site-content-layout":"page-builder","ast-site-content-layout":"full-width-container","site-content-style":"default","site-sidebar-style":"default","ast-global-header-display":"","ast-banner-title-visibility":"","ast-main-header-display":"","ast-hfb-above-header-display":"","ast-hfb-below-header-display":"","ast-hfb-mobile-header-display":"","site-post-title":"disabled","ast-breadcrumbs-content":"","ast-featured-img":"disabled","footer-sml-layout":"","theme-transparent-header-meta":"","adv-header-id-meta":"","stick-header-meta":"","header-above-stick-meta":"","header-main-stick-meta":"","header-below-stick-meta":"","astra-migrate-meta-layouts":"set","ast-page-background-enabled":"default","ast-page-background-meta":{"desktop":{"background-color":"","background-image":"","background-repeat":"repeat","background-position":"center center","background-size":"auto","background-attachment":"scroll","background-type":"","background-media":"","overlay-type":"","overlay-color":"","overlay-opacity":"","overlay-gradient":""},"tablet":{"background-color":"","background-image":"","background-repeat":"repeat","background-position":"center center","background-size":"auto","background-attachment":"scroll","background-type":"","background-media":"","overlay-type":"","overlay-color":"","overlay-opacity":"","overlay-gradient":""},"mobile":{"background-color":"","background-image":"","background-repeat":"repeat","background-position":"center center","background-size":"auto","background-attachment":"scroll","background-type":"","background-media":"","overlay-type":"","overlay-color":"","overlay-opacity":"","overlay-gradient":""}},"ast-content-background-meta":{"desktop":{"background-color":"var(--ast-global-color-5)","background-image":"","background-repeat":"repeat","background-position":"center center","background-size":"auto","background-attachment":"scroll","background-type":"","background-media":"","overlay-type":"","overlay-color":"","overlay-opacity":"","overlay-gradient":""},"tablet":{"background-color":"var(--ast-global-color-5)","background-image":"","background-repeat":"repeat","background-position":"center center","background-size":"auto","background-attachment":"scroll","background-type":"","background-media":"","overlay-type":"","overlay-color":"","overlay-opacity":"","overlay-gradient":""},"mobile":{"background-color":"var(--ast-global-color-5)","background-image":"","background-repeat":"repeat","background-position":"center center","background-size":"auto","background-attachment":"scroll","background-type":"","background-media":"","overlay-type":"","overlay-color":"","overlay-opacity":"","overlay-gradient":""}},"footnotes":""},"class_list":["post-5108","page","type-page","status-publish","hentry"],"_links":{"self":[{"href":"https:\/\/besst.tech\/lv\/wp-json\/wp\/v2\/pages\/5108","targetHints":{"allow":["GET"]}}],"collection":[{"href":"https:\/\/besst.tech\/lv\/wp-json\/wp\/v2\/pages"}],"about":[{"href":"https:\/\/besst.tech\/lv\/wp-json\/wp\/v2\/types\/page"}],"author":[{"embeddable":true,"href":"https:\/\/besst.tech\/lv\/wp-json\/wp\/v2\/users\/2"}],"replies":[{"embeddable":true,"href":"https:\/\/besst.tech\/lv\/wp-json\/wp\/v2\/comments?post=5108"}],"version-history":[{"count":14,"href":"https:\/\/besst.tech\/lv\/wp-json\/wp\/v2\/pages\/5108\/revisions"}],"predecessor-version":[{"id":5130,"href":"https:\/\/besst.tech\/lv\/wp-json\/wp\/v2\/pages\/5108\/revisions\/5130"}],"wp:attachment":[{"href":"https:\/\/besst.tech\/lv\/wp-json\/wp\/v2\/media?parent=5108"}],"curies":[{"name":"wp","href":"https:\/\/api.w.org\/{rel}","templated":true}]}}