{"id":5117,"date":"2025-08-29T00:52:57","date_gmt":"2025-08-29T00:52:57","guid":{"rendered":"https:\/\/besst.tech\/?page_id=5117"},"modified":"2025-08-29T01:08:06","modified_gmt":"2025-08-29T01:08:06","slug":"trade-in-policy","status":"publish","type":"page","link":"https:\/\/besst.tech\/lv\/trade-in-policy\/","title":{"rendered":"Trade-in Policy"},"content":{"rendered":"<div data-elementor-type=\"wp-page\" data-elementor-id=\"5117\" class=\"elementor elementor-5117\" data-elementor-post-type=\"page\">\n\t\t\t\t<div class=\"elementor-element elementor-element-6d4f9ae e-flex e-con-boxed e-con e-parent\" data-id=\"6d4f9ae\" data-element_type=\"container\">\n\t\t\t\t\t<div class=\"e-con-inner\">\n\t\t\t\t<div class=\"elementor-element elementor-element-0fc08ce elementor-widget elementor-widget-heading\" data-id=\"0fc08ce\" data-element_type=\"widget\" data-widget_type=\"heading.default\">\n\t\t\t\t<div class=\"elementor-widget-container\">\n\t\t\t\t\t<h2 class=\"elementor-heading-title elementor-size-default\">Apmai\u0146as politika<\/h2>\t\t\t\t<\/div>\n\t\t\t\t<\/div>\n\t\t\t\t<div class=\"elementor-element elementor-element-67aa4e0 elementor-widget elementor-widget-text-editor\" data-id=\"67aa4e0\" data-element_type=\"widget\" data-widget_type=\"text-editor.default\">\n\t\t\t\t<div class=\"elementor-widget-container\">\n\t\t\t\t\t\t\t\t\t<p class=\"translation-block\"><b>Besst Technologies O\u00dc mai\u0146as politika<\/b><br>Sp\u0113k\u0101 st\u0101\u0161an\u0101s datums: 2025. gada 29. augusts<\/p><p class=\"translation-block\">Uz\u0146\u0113mum\u0101 <b>Besst Technologies O\u00dc (Besst)<\/b> m\u0113s cen\u0161amies atalgot ilgtermi\u0146a dal\u012bbu m\u016bsu virtu\u0101lo<br>elektrostaciju (VPP) kopien\u0101, nodro\u0161inot piek\u013cuvi m\u016bsu jaun\u0101kaj\u0101m ener\u0123ijas uzkr\u0101\u0161anas tehnolo\u0123ij\u0101m. M\u016bsu<br>Trade-In programma ir izstr\u0101d\u0101ta, lai atbalst\u012btu \u0161o p\u0101reju \u2014 \u013caujot piem\u0113rotiem lietot\u0101jiem<br>jaunin\u0101t savas akumulatoru sist\u0113mas p\u0113c 36\u00a0m\u0113ne\u0161iem akt\u012bvas VPP dal\u012bbas.<\/p><p class=\"translation-block\"><strong>Programmas p\u0101rskats<\/strong><br>Besst pied\u0101v\u0101 eso\u0161ajiem klientiem br\u012bvpr\u0101t\u012bgu mai\u0146as iesp\u0113ju p\u0113c 36 m\u0113ne\u0161iem nep\u0101rtraukta VPP pakalpojuma. Atkar\u012bb\u0101 no atbilst\u012bbas un tehnisk\u0101s p\u0101rbaudes j\u016bs varat tikt<br>aicin\u0101ts nomain\u012bt savu pa\u0161reiz\u0113jo akumulatoru sist\u0113mu pret jaunu Bestst univers\u0101lo (AiO) ier\u012bci, kas paredz\u0113ta, lai<br>nodro\u0161in\u0101tu:<\/p><p style=\"padding-left: 40px;\" class=\"translation-block\">\u2022 \u0100tr\u0101ka veiktsp\u0113ja ar jaud\u012bg\u0101kiem komponentiem<br>\u2022 Uzlabota efektivit\u0101te, pateicoties ilg\u0101kam akumulatora darb\u012bbas laikam un vair\u0101k ikdienas cikliem<br>\u2022 Optimiz\u0113ta pe\u013c\u0146a, pateicoties dzi\u013c\u0101kai ener\u0123ijas tirgus integr\u0101cijai<\/p><p class=\"translation-block\">M\u016bsu m\u0113r\u0137is ir nodro\u0161in\u0101t bezprobl\u0113mu apmai\u0146u ar instal\u0101cij\u0101m, ko veic m\u016bsu sertific\u0113ti viet\u0113jie<br>partneri, un minim\u0101lu d\u012bkst\u0101vi VPP dal\u012bbai.<\/p><p class=\"translation-block\"><b>Atbilst\u012bbas krit\u0113riji<br><\/b>Lai pretend\u0113tu uz mai\u0146as ties\u012bb\u0101m:<\/p><p style=\"padding-left: 40px;\" class=\"translation-block\">\u2022 Jums ir j\u0101b\u016bt vismaz 36 m\u0113ne\u0161u akt\u012bvai dal\u012bbai Besst VPP<br>programm\u0101.<br>\u2022 J\u016bsu pa\u0161reiz\u0113jai sist\u0113mai ir j\u0101b\u016bt uzst\u0101d\u012btai un pievienotai EMS, nep\u0101rk\u0101pjot<br>pakalpojumu snieg\u0161anas noteikumus.<br>\u2022 Akumulatoram ir j\u0101b\u016bt lab\u0101 darba k\u0101rt\u012bb\u0101, ko apstiprin\u0101jis Besst, m\u016bsu<br>uzst\u0101d\u012b\u0161anas partneris vai cits Besst nor\u0101d\u012btais tehniskais partneris.<br>\u2022 Jums ir j\u0101dz\u012bvo atbalst\u012bt\u0101 re\u0123ion\u0101, kur\u0101 Besst pied\u0101v\u0101 mai\u0146as pakalpojumus.<\/p><p class=\"translation-block\">Dal\u012bba mai\u0146as programm\u0101 nav autom\u0101tiska vai garant\u0113ta. Bestst patur ties\u012bbas p\u0113c saviem ieskatiem:<\/p><p style=\"padding-left: 40px;\" class=\"translation-block\">\u2022 Noraid\u012bt jebkuru mai\u0146as piepras\u012bjumu;<br>\u2022 Ierobe\u017eot pie\u0146emto pieteikumu skaitu, pamatojoties uz tehniskiem, re\u0123ion\u0101liem vai strat\u0113\u0123iskiem<br>apsv\u0113rumiem;<br>\u2022 Jebkur\u0101 laik\u0101 main\u012bt vai p\u0101rtraukt programmu.<\/p><p class=\"translation-block\">J\u016bsu pa\u0161reiz\u0113j\u0101 akumulatora p\u0101rbaude un nov\u0113rt\u0113jums noteiks, vai j\u016bs atbilstat<br>mai\u0146as vai naudas atgrie\u0161anas pied\u0101v\u0101jumam. Visus nov\u0113rt\u0113jumus veic m\u016bsu pilnvarotie pakalpojumu<br>pakalpojumu sniedz\u0113ji.<\/p><p class=\"translation-block\"><b>Ier\u012bces \u012bpa\u0161umties\u012bbas un kompens\u0101cija<br><\/b>P\u0113c veiksm\u012bgas mai\u0146as j\u016bsu eso\u0161ais akumulators k\u013c\u016bst par Besst \u012bpa\u0161umu un to var<br>atjaunot, p\u0101rstr\u0101d\u0101t vai cit\u0101di apstr\u0101d\u0101t.<\/p><p class=\"translation-block\">Nomai\u0146as AiO akumulators paliek uz\u0146\u0113muma Best \u012bpa\u0161ums, ja vien netiek parakst\u012bts atsevi\u0161\u0137s pirkuma<br>l\u012bgums.<br>Jebkura naudas atmaksas v\u0113rt\u012bba (ja t\u0101da ir) tiek noteikta, pamatojoties uz akumulatora p\u0101rbaud\u012bto st\u0101vokli<br>un t\u0101l\u0101kp\u0101rdo\u0161anas\/atjauno\u0161anas potenci\u0101lu tirg\u016b. Minim\u0101l\u0101 kompens\u0101cija netiek garant\u0113ta.<\/p><p class=\"translation-block\">Iemain\u012btu akumulatoru nov\u0113rt\u0113\u0161ana un cenu noteik\u0161ana<br>J\u016bsu eso\u0161\u0101s akumulatoru sist\u0113mas v\u0113rt\u012bba \u2014 vai nu naudas atmaksas kompens\u0101cijas, vai kred\u012bta veid\u0101 jaunajai AiO ier\u012bcei \u2014 tiek noteikta p\u0113c tehnisk\u0101s<br>p\u0101rbaudes un tirgus nov\u0113rt\u0113juma, ko veic m\u016bsu pilnvarots uzst\u0101d\u012b\u0161anas<br>partneris.<br>Galvenie faktori ir \u0161\u0101di:<\/p><p style=\"padding-left: 40px;\" class=\"translation-block\">\u2022 Atliku\u0161\u0101 akumulatora ietilp\u012bba un ciklu skaits<br>\u2022 Vecums un darb\u012bbas v\u0113sture<br>\u2022 Fiziskais un kosm\u0113tiskais st\u0101voklis<br>\u2022 Ra\u017eot\u0101ja un mode\u013ca sader\u012bba<br>\u2022 Paredzam\u0101 atjauno\u0161anas vai t\u0101l\u0101kp\u0101rdo\u0161anas v\u0113rt\u012bba<\/p><p class=\"translation-block\">Besst negarant\u0113 nek\u0101du fiks\u0113tu vai minim\u0101lo kompens\u0101cijas summu. Visi cenu noteik\u0161anas<br>l\u0113mumi ir gal\u012bgi, un tos pie\u0146em tikai Bestst un t\u0101 ieceltais servisa partneris. Ja<br>j\u016bsu akumulators tiek uzskat\u012bts par nepiem\u0113rotu dro\u0161\u012bbas apsv\u0113rumu, nefunkcionalit\u0101tes vai p\u0101rm\u0113r\u012bga<br>nolietojuma d\u0113\u013c, kompens\u0101cija nevar tikt pied\u0101v\u0101ta.<br>Jums tiks pazi\u0146ots par jebk\u0101du piem\u0113rojamo naudas atdo\u0161anas vai kred\u012bta summu pirms mai\u0146as<br>apstiprin\u0101juma, un j\u016bsu dal\u012bba paliks fakultat\u012bva, l\u012bdz t\u0101 tiks apstiprin\u0101ta rakstiski.<br>Lai piedal\u012btos ier\u012bces datu sav\u0101k\u0161anas un lieto\u0161anas anal\u012bz\u0113. Piesakoties, j\u016bs piekr\u012btat, ka \u0161\u0101di dati tiek izmantoti tikai atbilst\u012bbas un<br>v\u0113rt\u0113\u0161anas nol\u016bkos saska\u0146\u0101 ar m\u016bsu konfidencialit\u0101tes politiku.<\/p><p class=\"translation-block\"><b>Atbalst\u012btie re\u0123ioni<br><\/b>Apmai\u0146as programma ir pieejama tikai re\u0123ionos, kuros akt\u012bvi darbojas Bestst VPP. Atbilst\u012bbas pras\u012bbas ir \u0161\u0101das:<\/p><p style=\"padding-left: 40px;\" class=\"translation-block\">\u2022 J\u016bsu dz\u012bvesvieta vai uzst\u0101d\u012b\u0161anas vieta atrodas ofici\u0101li atbalst\u012bt\u0101 VPP izvieto\u0161anas zon\u0101.<br>\u2022 Viet\u0113jie uzst\u0101d\u012b\u0161anas un apkalpo\u0161anas partneri ir pieejami, lai veiktu mai\u0146as un<br>nodo\u0161anas procesu.<\/p><p class=\"translation-block\">Besst patur ties\u012bbas ierobe\u017eot dal\u012bbu, pamatojoties uz re\u0123ion\u0101lajiem izv\u0113r\u0161anas pl\u0101niem, tehnisk\u0101m<br>iesp\u0113jam\u012bb\u0101m vai normat\u012bvajiem ierobe\u017eojumiem. Ja j\u016bsu re\u0123ions v\u0113l netiek atbalst\u012bts, varat re\u0123istr\u0113t<br>savu interesi, un m\u0113s jums pazi\u0146osim, kad j\u016bsu<br>apgabal\u0101 b\u016bs pieejamas tirdzniec\u012bbas iesp\u0113jas.<\/p><p class=\"translation-block\"><b>Instal\u0113\u0161ana un atbalsts<br><\/b>Visas mai\u0146as iek\u0101rtu instal\u0101cijas veic sertific\u0113ti Besst instal\u0101cijas partneri.<br>Instal\u0101cijas laiks un piek\u013cuve vietai tiks iepriek\u0161 saska\u0146ota ar instal\u0101cijas partneriem.<br>M\u016bsu m\u0113r\u0137is ir uztur\u0113t nep\u0101rtrauktu VPP savienojumu mai\u0146as procesa laik\u0101 vai minim\u0101lu<br>d\u012bkst\u0101ves laiku.<\/p><p class=\"translation-block\">Jaunaj\u0101 AiO ier\u012bc\u0113 b\u016bs iek\u013cauta jaun\u0101k\u0101 EMS versija, aparat\u016bras jaunin\u0101jumi un atjaunots apkalpo\u0161anas termi\u0146\u0161.<\/p><p class=\"translation-block\"><b>Politikas atjaunin\u0101jumi<br><\/b>Besst patur ties\u012bbas jebkur\u0101 laik\u0101 bez iepriek\u0161\u0113ja br\u012bdin\u0101juma groz\u012bt, aptur\u0113t vai izbeigt \u0161o Pre\u010du apmai\u0146as politiku. Jaun\u0101k\u0101 versija vienm\u0113r b\u016bs pieejama m\u016bsu t\u012bmek\u013ca vietn\u0113.<\/p><p class=\"translation-block\"><b>Piem\u0113rojamie ties\u012bbu akti<br><\/b>\u0160\u012b politika ir pak\u013cauta un interpret\u0113jama saska\u0146\u0101 ar<br>Igaunijas Republikas ties\u012bbu aktiem. Visus str\u012bdus, kas rodas dal\u012bbas rezult\u0101t\u0101, risina<br>kompetent\u0101s Tallinas tiesas Igaunij\u0101.<\/p>\t\t\t\t\t\t\t\t<\/div>\n\t\t\t\t<\/div>\n\t\t\t\t\t<\/div>\n\t\t\t\t<\/div>\n\t\t\t\t<\/div>","protected":false},"excerpt":{"rendered":"<p>Trade-in policy Besst Technologies O\u00dc Trade-In PolicyEffective Date: 29 August 2025 At Besst Technologies O\u00dc (Besst), we aim to reward long-term participation in our VirtualPower Plant (VPP) community with access to our latest energy storage technology. OurTrade-In Program is designed to support this transition \u2014 allowing eligible users toupgrade their battery systems after 36 months [&hellip;]<\/p>\n","protected":false},"author":2,"featured_media":0,"parent":0,"menu_order":0,"comment_status":"closed","ping_status":"closed","template":"","meta":{"inline_featured_image":false,"site-sidebar-layout":"no-sidebar","site-content-layout":"page-builder","ast-site-content-layout":"full-width-container","site-content-style":"default","site-sidebar-style":"default","ast-global-header-display":"","ast-banner-title-visibility":"","ast-main-header-display":"","ast-hfb-above-header-display":"","ast-hfb-below-header-display":"","ast-hfb-mobile-header-display":"","site-post-title":"disabled","ast-breadcrumbs-content":"","ast-featured-img":"disabled","footer-sml-layout":"","theme-transparent-header-meta":"","adv-header-id-meta":"","stick-header-meta":"","header-above-stick-meta":"","header-main-stick-meta":"","header-below-stick-meta":"","astra-migrate-meta-layouts":"set","ast-page-background-enabled":"default","ast-page-background-meta":{"desktop":{"background-color":"","background-image":"","background-repeat":"repeat","background-position":"center center","background-size":"auto","background-attachment":"scroll","background-type":"","background-media":"","overlay-type":"","overlay-color":"","overlay-opacity":"","overlay-gradient":""},"tablet":{"background-color":"","background-image":"","background-repeat":"repeat","background-position":"center center","background-size":"auto","background-attachment":"scroll","background-type":"","background-media":"","overlay-type":"","overlay-color":"","overlay-opacity":"","overlay-gradient":""},"mobile":{"background-color":"","background-image":"","background-repeat":"repeat","background-position":"center center","background-size":"auto","background-attachment":"scroll","background-type":"","background-media":"","overlay-type":"","overlay-color":"","overlay-opacity":"","overlay-gradient":""}},"ast-content-background-meta":{"desktop":{"background-color":"var(--ast-global-color-5)","background-image":"","background-repeat":"repeat","background-position":"center center","background-size":"auto","background-attachment":"scroll","background-type":"","background-media":"","overlay-type":"","overlay-color":"","overlay-opacity":"","overlay-gradient":""},"tablet":{"background-color":"var(--ast-global-color-5)","background-image":"","background-repeat":"repeat","background-position":"center center","background-size":"auto","background-attachment":"scroll","background-type":"","background-media":"","overlay-type":"","overlay-color":"","overlay-opacity":"","overlay-gradient":""},"mobile":{"background-color":"var(--ast-global-color-5)","background-image":"","background-repeat":"repeat","background-position":"center center","background-size":"auto","background-attachment":"scroll","background-type":"","background-media":"","overlay-type":"","overlay-color":"","overlay-opacity":"","overlay-gradient":""}},"footnotes":""},"class_list":["post-5117","page","type-page","status-publish","hentry"],"_links":{"self":[{"href":"https:\/\/besst.tech\/lv\/wp-json\/wp\/v2\/pages\/5117","targetHints":{"allow":["GET"]}}],"collection":[{"href":"https:\/\/besst.tech\/lv\/wp-json\/wp\/v2\/pages"}],"about":[{"href":"https:\/\/besst.tech\/lv\/wp-json\/wp\/v2\/types\/page"}],"author":[{"embeddable":true,"href":"https:\/\/besst.tech\/lv\/wp-json\/wp\/v2\/users\/2"}],"replies":[{"embeddable":true,"href":"https:\/\/besst.tech\/lv\/wp-json\/wp\/v2\/comments?post=5117"}],"version-history":[{"count":7,"href":"https:\/\/besst.tech\/lv\/wp-json\/wp\/v2\/pages\/5117\/revisions"}],"predecessor-version":[{"id":5133,"href":"https:\/\/besst.tech\/lv\/wp-json\/wp\/v2\/pages\/5117\/revisions\/5133"}],"wp:attachment":[{"href":"https:\/\/besst.tech\/lv\/wp-json\/wp\/v2\/media?parent=5117"}],"curies":[{"name":"wp","href":"https:\/\/api.w.org\/{rel}","templated":true}]}}