{"id":5714,"date":"2025-09-11T09:28:27","date_gmt":"2025-09-11T09:28:27","guid":{"rendered":"https:\/\/besst.tech\/?page_id=5714"},"modified":"2025-09-11T09:41:12","modified_gmt":"2025-09-11T09:41:12","slug":"esg","status":"publish","type":"page","link":"https:\/\/besst.tech\/lv\/esg\/","title":{"rendered":"ESG"},"content":{"rendered":"<div data-elementor-type=\"wp-page\" data-elementor-id=\"5714\" class=\"elementor elementor-5714\" data-elementor-post-type=\"page\">\n\t\t\t\t<div class=\"elementor-element elementor-element-51a8a14 e-flex e-con-boxed e-con e-parent\" data-id=\"51a8a14\" data-element_type=\"container\">\n\t\t\t\t\t<div class=\"e-con-inner\">\n\t\t\t\t<div class=\"elementor-element elementor-element-6d07acd elementor-widget elementor-widget-heading\" data-id=\"6d07acd\" data-element_type=\"widget\" data-widget_type=\"heading.default\">\n\t\t\t\t<div class=\"elementor-widget-container\">\n\t\t\t\t\t<h2 class=\"elementor-heading-title elementor-size-default\">ESG<\/h2>\t\t\t\t<\/div>\n\t\t\t\t<\/div>\n\t\t\t\t<div class=\"elementor-element elementor-element-6f8e1ca elementor-widget elementor-widget-text-editor\" data-id=\"6f8e1ca\" data-element_type=\"widget\" data-widget_type=\"text-editor.default\">\n\t\t\t\t<div class=\"elementor-widget-container\">\n\t\t\t\t\t\t\t\t\t<p><strong>ESG ietvaros veidota, kopienas vad\u012bta decentraliz\u0113ta ener\u0123ijas uzkr\u0101\u0161anas VPP: Besst ir l\u012bderis aprites ekonomikas jom\u0101.<\/strong><\/p><p>Uz\u0146\u0113mum\u0101 Besst lietot\u0101ji nav klienti \u2014 vi\u0146i ir partneri m\u016bsu za\u013c\u0101s ener\u0123ijas n\u0101kotnes \u0113k\u0101. Kop\u0101 m\u0113s nodro\u0161in\u0101m m\u0113rogojamu datu glab\u0101\u0161anu, aprites ekonomikas inov\u0101cijas un re\u0101lu soci\u0101lo un vides ietekmi.<\/p><h4><strong>M\u016bsu ESG p\u012bl\u0101ri<\/strong><\/h4><p><strong>Vides p\u0101rvald\u012bba<\/strong><\/p><ul><li>Baterijas ir da\u013ca no atgrie\u0161anas un p\u0101rstr\u0101des cikla: lietot\u0101ji var t\u0101s uzlabot p\u0113c 3\u20135 gadiem, un nolietot\u0101s ier\u012bces tiek atbild\u012bgi p\u0101rstr\u0101d\u0101tas, t\u0101d\u0113j\u0101di saglab\u0101jot t\u0101s ekosist\u0113m\u0101 un nenon\u0101kot atkritumu poligonos.<\/li><li>M\u016bsu biznesa modelis atbilst aprites ekonomikas lab\u0101kajai praksei un nodro\u0161ina iesp\u0113ju ieviest m\u016bsdien\u012bgas atkritumu samazin\u0101\u0161anas inov\u0101cijas.<\/li><li>Abon\u0113\u0161anas stila kopienas \u012bpa\u0161umties\u012bbas pal\u012bdz izsekot un p\u0101rvald\u012bt akumulatora dz\u012bves ciklu, veicinot p\u0101rredzamu un m\u0113rogojamu ietekmi uz vidi.<\/li><\/ul><p><strong>Soci\u0101l\u0101 un kopienas atbild\u012bba<\/strong><\/p><ul><li>M\u016bsu partneri nav lietot\u0101ji \u2014 vi\u0146i ir l\u012bdz\u012bpa\u0161nieki ener\u0123ijas p\u0101rej\u0101, veicinot ener\u0123\u0113tikas demokr\u0101tiju.<\/li><li>Izmantojot m\u016bsu pre\u010du tirdzniec\u012bbas sist\u0113mu un pieejam\u012bbu, m\u0113s atveram durvis m\u0101jsaimniec\u012bb\u0101m ar zem\u0101kiem ien\u0101kumiem.<\/li><li>Kopienas izgl\u012bto\u0161ana un iesaist\u012b\u0161an\u0101s stiprina ESG kult\u016bru un partneru lojalit\u0101ti<\/li><\/ul><p><strong>P\u0101rvald\u012bbas un ESG saska\u0146o\u0161ana<\/strong><\/p><ul><li>ESG ir tie\u0161i iestr\u0101d\u0101ts Besst strat\u0113\u0123ij\u0101. L\u016bk, k\u0101 ESG saska\u0146o\u0161ana rada ilgtermi\u0146a v\u0113rt\u012bbu.<\/li><li>M\u0113s integr\u0113jam glob\u0101l\u0101s p\u0101rskatu snieg\u0161anas sist\u0113mas \u2014 ESRS, IFRS S1\/S2, GRI \u2014, lai nodro\u0161in\u0101tu konsekvenci un p\u0101rredzam\u012bbu.<\/li><li>Saska\u0146\u0101 ar disciplin\u0113tiem standartiem public\u0113tie ikgad\u0113jie ESG r\u0101d\u012bt\u0101ji nodro\u0161ina skaidr\u012bbu un gatav\u012bbu regul\u0113jumam<\/li><\/ul>\t\t\t\t\t\t\t\t<\/div>\n\t\t\t\t<\/div>\n\t\t\t\t<div class=\"elementor-element elementor-element-e92e03b elementor-widget elementor-widget-html\" data-id=\"e92e03b\" data-element_type=\"widget\" data-widget_type=\"html.default\">\n\t\t\t\t<div class=\"elementor-widget-container\">\n\t\t\t\t\t<div class=\"besst-table-wrap\">\r\n  <style>\r\n    .besst-table-wrap{\r\n        max-width:100%;\r\n        overflow:auto;\r\n        margin-top: 20px\r\n    }\r\n    table.besst-table{\r\n      width:100%; \r\n      border-collapse:separate; border-spacing:0;\r\n      font-family: \"Montserrat\", Sans-serif; \r\n      font-size:16px; \r\n      line-height:1.35; \r\n      color:#1a1a1a;\r\n      min-width:720px;\r\n      text-align:\u0434\u0443\u0430\u0435; \/* centers all cells by default *\/\r\n    }\r\n    .besst-table{\r\n      border:none !important;\r\n    }\r\n    .besst-table thead th{\r\n      background:#F7B32B; color:#fff; font-weight:700;\r\n      padding:14px 16px; position:relative;\r\n    }\r\n    .besst-table thead th:first-child{border-top-left-radius:12px}\r\n    .besst-table thead th:last-child{border-top-right-radius:12px}\r\n    .besst-table th, .besst-table td{padding:12px 16px; vertical-align:middle}\r\n    .besst-table tbody tr:nth-child(even){background:#E8E8E8}\r\n    .besst-table small{font-weight:600}\r\n    \/* Hover effect *\/\r\n    .besst-table tbody tr:hover{\r\n      background:#fdf4e3;\r\n      transition:background 0.2s ease-in-out;\r\n    }\r\n    @media (max-width:768px){ .besst-table{font-size:15px;\r\n    }\r\n        table.besst-table{\r\n          text-align:left;\r\n        }\r\n     }\r\n  <\/style>\r\n\r\n  <table class=\"besst-table\" role=\"table\" aria-label=\"BESS pricing and returns\">\r\n    <thead>\r\n        <tr>\r\n            <th>P\u012bl\u0101rs<\/th>\r\n            <th>Apraksts<\/th>\r\n        <\/tr>\r\n    <\/thead>\r\n    <tbody>\r\n        <tr>\r\n            <td>Vide<\/td>\r\n            <td>Atgrie\u0161anas un p\u0101rstr\u0101des cikls; akumulatora aprites cikls; m\u0113rogojama ietekmes izseko\u0161ana<\/td>\r\n        <\/tr>\r\n        <tr>\r\n            <td>Soci\u0101lie<\/td>\r\n            <td>Partneri, nevis klienti; vienl\u012bdz\u012bga piek\u013cuve; kopienas izgl\u012bt\u012bba un l\u012bdz\u012bpa\u0161ums<\/td>\r\n        <\/tr>\r\n        <tr>\r\n            <td>P\u0101rvald\u012bba<\/td>\r\n            <td>ESG integr\u0113ts strat\u0113\u0123ij\u0101; saska\u0146ots ar ESRS, IFRS, GRI; ikgad\u0113ja ESG inform\u0101cijas atkl\u0101\u0161ana<\/td>\r\n        <\/tr>\r\n    <\/tbody>\r\n<\/table>\r\n<\/div>\t\t\t\t<\/div>\n\t\t\t\t<\/div>\n\t\t\t\t\t<\/div>\n\t\t\t\t<\/div>\n\t\t<div class=\"elementor-element elementor-element-62b9aa4 e-flex e-con-boxed e-con e-parent\" data-id=\"62b9aa4\" data-element_type=\"container\">\n\t\t\t\t\t<div class=\"e-con-inner\">\n\t\t\t\t<div class=\"elementor-element elementor-element-490907a elementor-widget elementor-widget-text-editor\" data-id=\"490907a\" data-element_type=\"widget\" data-widget_type=\"text-editor.default\">\n\t\t\t\t<div class=\"elementor-widget-container\">\n\t\t\t\t\t\t\t\t\t<p><strong>Kopiena k\u0101 partneri<\/strong><\/p><ul><li>\u012apa\u0161umties\u012bbas p\u0113c projekta: katrs partneris ir ieinteres\u0113ts BESST pan\u0101kumos \u2014 gan finansi\u0101li, gan vides zi\u0146\u0101<\/li><li>Caursp\u012bd\u012bga ESG ietekme: tie\u0161saistes inform\u0101cijas pane\u013ci seko l\u012bdzi nov\u0113rstajam CO\u2082 izme\u0161u daudzumam, uzkr\u0101taj\u0101m kWh, atk\u0101rtoti izmantotajiem materi\u0101liem un partneru izaugsmei<\/li><li>Iek\u013caujo\u0161a aprite: tirdzniec\u012bbas sist\u0113ma pazemina ien\u0101k\u0161anas barjeras un nosl\u0113dz resursu aprites ciklu, padarot ilgtsp\u0113j\u012bbu pieejamu.<\/li><\/ul>\t\t\t\t\t\t\t\t<\/div>\n\t\t\t\t<\/div>\n\t\t\t\t\t<\/div>\n\t\t\t\t<\/div>\n\t\t\t\t<\/div>","protected":false},"excerpt":{"rendered":"<p>ESG ESG-Built, community-driven decentralized energy storage VPP: Besst leads with circularity. At Besst, users aren\u2019t clients &#8211; they\u2019re partners in our green energy future building. Together, we deliver scalable storage, circular innovation, and real social and environmental impact. Our ESG pillars Environmental stewardship Batteries are part of a trade-in &amp; recycling loop: users can upgrade [&hellip;]<\/p>\n","protected":false},"author":6,"featured_media":0,"parent":0,"menu_order":0,"comment_status":"closed","ping_status":"closed","template":"","meta":{"inline_featured_image":false,"site-sidebar-layout":"no-sidebar","site-content-layout":"page-builder","ast-site-content-layout":"full-width-container","site-content-style":"default","site-sidebar-style":"default","ast-global-header-display":"","ast-banner-title-visibility":"","ast-main-header-display":"","ast-hfb-above-header-display":"","ast-hfb-below-header-display":"","ast-hfb-mobile-header-display":"","site-post-title":"disabled","ast-breadcrumbs-content":"","ast-featured-img":"disabled","footer-sml-layout":"","theme-transparent-header-meta":"","adv-header-id-meta":"","stick-header-meta":"","header-above-stick-meta":"","header-main-stick-meta":"","header-below-stick-meta":"","astra-migrate-meta-layouts":"set","ast-page-background-enabled":"default","ast-page-background-meta":{"desktop":{"background-color":"","background-image":"","background-repeat":"repeat","background-position":"center center","background-size":"auto","background-attachment":"scroll","background-type":"","background-media":"","overlay-type":"","overlay-color":"","overlay-opacity":"","overlay-gradient":""},"tablet":{"background-color":"","background-image":"","background-repeat":"repeat","background-position":"center center","background-size":"auto","background-attachment":"scroll","background-type":"","background-media":"","overlay-type":"","overlay-color":"","overlay-opacity":"","overlay-gradient":""},"mobile":{"background-color":"","background-image":"","background-repeat":"repeat","background-position":"center center","background-size":"auto","background-attachment":"scroll","background-type":"","background-media":"","overlay-type":"","overlay-color":"","overlay-opacity":"","overlay-gradient":""}},"ast-content-background-meta":{"desktop":{"background-color":"var(--ast-global-color-5)","background-image":"","background-repeat":"repeat","background-position":"center center","background-size":"auto","background-attachment":"scroll","background-type":"","background-media":"","overlay-type":"","overlay-color":"","overlay-opacity":"","overlay-gradient":""},"tablet":{"background-color":"var(--ast-global-color-5)","background-image":"","background-repeat":"repeat","background-position":"center center","background-size":"auto","background-attachment":"scroll","background-type":"","background-media":"","overlay-type":"","overlay-color":"","overlay-opacity":"","overlay-gradient":""},"mobile":{"background-color":"var(--ast-global-color-5)","background-image":"","background-repeat":"repeat","background-position":"center center","background-size":"auto","background-attachment":"scroll","background-type":"","background-media":"","overlay-type":"","overlay-color":"","overlay-opacity":"","overlay-gradient":""}},"footnotes":""},"class_list":["post-5714","page","type-page","status-publish","hentry"],"_links":{"self":[{"href":"https:\/\/besst.tech\/lv\/wp-json\/wp\/v2\/pages\/5714","targetHints":{"allow":["GET"]}}],"collection":[{"href":"https:\/\/besst.tech\/lv\/wp-json\/wp\/v2\/pages"}],"about":[{"href":"https:\/\/besst.tech\/lv\/wp-json\/wp\/v2\/types\/page"}],"author":[{"embeddable":true,"href":"https:\/\/besst.tech\/lv\/wp-json\/wp\/v2\/users\/6"}],"replies":[{"embeddable":true,"href":"https:\/\/besst.tech\/lv\/wp-json\/wp\/v2\/comments?post=5714"}],"version-history":[{"count":10,"href":"https:\/\/besst.tech\/lv\/wp-json\/wp\/v2\/pages\/5714\/revisions"}],"predecessor-version":[{"id":5724,"href":"https:\/\/besst.tech\/lv\/wp-json\/wp\/v2\/pages\/5714\/revisions\/5724"}],"wp:attachment":[{"href":"https:\/\/besst.tech\/lv\/wp-json\/wp\/v2\/media?parent=5714"}],"curies":[{"name":"wp","href":"https:\/\/api.w.org\/{rel}","templated":true}]}}